{"id":160,"date":"2021-03-10T13:09:02","date_gmt":"2021-03-10T16:09:02","guid":{"rendered":"http:\/\/sinicesp.org.br\/?page_id=160"},"modified":"2026-04-15T15:50:36","modified_gmt":"2026-04-15T18:50:36","slug":"indices","status":"publish","type":"page","link":"https:\/\/sinicesp.org.br\/index.php\/indices\/","title":{"rendered":"\u00cdndices Econ\u00f4micos"},"content":{"rendered":"\n<section class=\"wp-block-uagb-section uagb-section__wrap uagb-section__background-color uagb-block-0041b269\"><div class=\"uagb-section__overlay\"><\/div><div class=\"uagb-section__inner-wrap\">\n<div id=\"section-ge19a49\" class=\"wp-block-gutentor-e1 section-ge19a49 gutentor-element gutentor-element-advanced-text text-align-center-desktop\"><div class=\"gutentor-text-wrap\"><h2 class=\"gutentor-text\"><strong>\u00cdndices Econ\u00f4micos<\/strong><\/h2><\/div><\/div>\n\n\n\n<div style=\"height:25px\" aria-hidden=\"true\" class=\"wp-block-spacer\"><\/div>\n\n\n\n<div id=\"section-g07b4f7\" class=\"wp-block-gutentor-e1 section-g07b4f7 gutentor-element gutentor-element-advanced-text text-align-center-desktop\"><div class=\"gutentor-text-wrap\"><h3 class=\"gutentor-text\"><strong>FIPE &#8211; Funda\u00e7\u00e3o Instituto de Pesquisas Econ\u00f4micas<\/strong><\/h3><\/div><\/div>\n\n\n\n<p><br><\/p>\n\n\n\n<section class=\"wp-block-uagb-section uagb-section__wrap uagb-section__background-undefined uagb-block-b35a8e87\"><div class=\"uagb-section__overlay\"><\/div><div class=\"uagb-section__inner-wrap\">\n<h4 class=\"wp-block-heading has-text-align-center\" id=\"dezembro-2021\" style=\"padding-bottom:var(--wp--preset--spacing--60)\"><strong>Fevereiro\/2026<\/strong><\/h4>\n\n\n\n<figure class=\"wp-block-table is-style-stripes\"><table><tbody><tr><th><strong>Descri\u00e7\u00e3o<\/strong><\/th><th class=\"has-text-align-center\" data-align=\"center\"><strong>\u00cdndices<\/strong><\/th><td class=\"has-text-align-center\" data-align=\"center\"><strong>M\u00eas<\/strong><\/td><td class=\"has-text-align-center\" data-align=\"center\"><strong>Ano<\/strong><\/td><td class=\"has-text-align-center\" data-align=\"center\"><strong>12 Meses<\/strong><\/td><\/tr><tr><td>Terraplenagem<\/td><td class=\"has-text-align-center\" data-align=\"center\">1.148,176<\/td><td class=\"has-text-align-center\" data-align=\"center\">-0,002<\/td><td class=\"has-text-align-center\" data-align=\"center\">0,959<\/td><td class=\"has-text-align-center\" data-align=\"center\">0,526<\/td><\/tr><tr><td>Pavimenta\u00e7\u00e3o<\/td><td class=\"has-text-align-center\" data-align=\"center\">2.254,097<\/td><td class=\"has-text-align-center\" data-align=\"center\">-0,234<\/td><td class=\"has-text-align-center\" data-align=\"center\">-1,478<\/td><td class=\"has-text-align-center\" data-align=\"center\">-5,269<\/td><\/tr><tr><td>Obras de Arte<\/td><td class=\"has-text-align-center\" data-align=\"center\">1.009,141<\/td><td class=\"has-text-align-center\" data-align=\"center\">0,109<\/td><td class=\"has-text-align-center\" data-align=\"center\">0,082<\/td><td class=\"has-text-align-center\" data-align=\"center\">3,001<\/td><\/tr><tr><td>Serv. Pred. M. O.<\/td><td class=\"has-text-align-center\" data-align=\"center\">1.305,572<\/td><td class=\"has-text-align-center\" data-align=\"center\">0,167<\/td><td class=\"has-text-align-center\" data-align=\"center\">0,415<\/td><td class=\"has-text-align-center\" data-align=\"center\">5,123<\/td><\/tr><tr><td>EP1 &#8211; Melhor. Refor\u00e7o Subleito<\/td><td class=\"has-text-align-center\" data-align=\"center\">1.072,008<\/td><td class=\"has-text-align-center\" data-align=\"center\">-0,008<\/td><td class=\"has-text-align-center\" data-align=\"center\">0,126<\/td><td class=\"has-text-align-center\" data-align=\"center\">0,581<\/td><\/tr><tr><td>EP2 &#8211; Transporte<\/td><td class=\"has-text-align-center\" data-align=\"center\">1.191,615<\/td><td class=\"has-text-align-center\" data-align=\"center\">0,144<\/td><td class=\"has-text-align-center\" data-align=\"center\">1,455<\/td><td class=\"has-text-align-center\" data-align=\"center\">1,154<\/td><\/tr><tr><td>EP3 &#8211; Solo &#8211; Cimento<\/td><td class=\"has-text-align-center\" data-align=\"center\">778,671<\/td><td class=\"has-text-align-center\" data-align=\"center\">-0,822<\/td><td class=\"has-text-align-center\" data-align=\"center\">-1,939<\/td><td class=\"has-text-align-center\" data-align=\"center\">10,913<\/td><\/tr><tr><td>EP4 &#8211; Solo Brita &#8211; Brita Graduada<\/td><td class=\"has-text-align-center\" data-align=\"center\">1.199,427<\/td><td class=\"has-text-align-center\" data-align=\"center\">0,079<\/td><td class=\"has-text-align-center\" data-align=\"center\">0,175<\/td><td class=\"has-text-align-center\" data-align=\"center\">-0,192<\/td><\/tr><tr><td>EP5 &#8211; Imprimadura<\/td><td class=\"has-text-align-center\" data-align=\"center\">4.554,667<\/td><td class=\"has-text-align-center\" data-align=\"center\">-0,910<\/td><td class=\"has-text-align-center\" data-align=\"center\">-4,065<\/td><td class=\"has-text-align-center\" data-align=\"center\">-6,904<\/td><\/tr><tr><td>EP6 &#8211; Tratamentos Superficiais<\/td><td class=\"has-text-align-center\" data-align=\"center\">2.686,875<\/td><td class=\"has-text-align-center\" data-align=\"center\">-0,449<\/td><td class=\"has-text-align-center\" data-align=\"center\">-2,134<\/td><td class=\"has-text-align-center\" data-align=\"center\">-5,620<\/td><\/tr><tr><td>EP7 &#8211; Mistura Betuminosa<\/td><td class=\"has-text-align-center\" data-align=\"center\">3.174,177<\/td><td class=\"has-text-align-center\" data-align=\"center\">-0,192<\/td><td class=\"has-text-align-center\" data-align=\"center\">-2,049<\/td><td class=\"has-text-align-center\" data-align=\"center\">-7,752<\/td><\/tr><tr><td>ECA &#8211; Rede de \u00c1gua<\/td><td class=\"has-text-align-center\" data-align=\"center\">1.560,378<\/td><td class=\"has-text-align-center\" data-align=\"center\">0,106<\/td><td class=\"has-text-align-center\" data-align=\"center\">-0,201<\/td><td class=\"has-text-align-center\" data-align=\"center\">2,174<\/td><\/tr><tr><td>ECE &#8211; Rede de Esgoto<\/td><td class=\"has-text-align-center\" data-align=\"center\">1.232,894<\/td><td class=\"has-text-align-center\" data-align=\"center\">0,050<\/td><td class=\"has-text-align-center\" data-align=\"center\">-0,021<\/td><td class=\"has-text-align-center\" data-align=\"center\">3,223<\/td><\/tr><tr><td>ECP &#8211; Pontes e Viadutos<\/td><td class=\"has-text-align-center\" data-align=\"center\">1.147,488<\/td><td class=\"has-text-align-center\" data-align=\"center\">-0,069<\/td><td class=\"has-text-align-center\" data-align=\"center\">0,135<\/td><td class=\"has-text-align-center\" data-align=\"center\">2,955<\/td><\/tr><\/tbody><\/table><\/figure>\n\n\n\n<div style=\"height:25px\" aria-hidden=\"true\" class=\"wp-block-spacer\"><\/div>\n\n\n\n<div class=\"wp-block-buttons is-horizontal is-content-justification-center is-layout-flex wp-container-core-buttons-is-layout-03627597 wp-block-buttons-is-layout-flex\">\n<div class=\"wp-block-button\"><a class=\"wp-block-button__link wp-element-button\" href=\"https:\/\/sinicesp.org.br\/boletins\/boleco\/%C3%8Dndices-FIPE.pdf\" target=\"_blank\" rel=\"noreferrer noopener\">\u00cdndices anteriores<\/a><\/div>\n<\/div>\n<\/div><\/section>\n\n\n\n<div class=\"wp-block-uagb-separator uagb-block-ac37f26c\"><div class=\"uagb-separator-spacing-wrapper\"><div class=\"wp-block-uagb-separator__inner\" style=\"--my-background-image:\"><\/div><\/div><\/div>\n\n\n\n<div style=\"height:25px\" aria-hidden=\"true\" class=\"wp-block-spacer\"><\/div>\n\n\n\n<div id=\"section-g934404\" class=\"wp-block-gutentor-e1 section-g934404 gutentor-element gutentor-element-advanced-text text-align-center-desktop\"><div class=\"gutentor-text-wrap\"><h3 class=\"gutentor-text\"><strong>FGV &#8211; Funda\u00e7\u00e3o Getulio Vargas<\/strong><\/h3><\/div><\/div>\n\n\n\n<div style=\"height:25px\" aria-hidden=\"true\" class=\"wp-block-spacer\"><\/div>\n\n\n\n<section class=\"wp-block-uagb-section uagb-section__wrap uagb-section__background-undefined uagb-block-5176e690\"><div class=\"uagb-section__overlay\"><\/div><div class=\"uagb-section__inner-wrap\">\n<h4 class=\"wp-block-heading has-text-align-center\" id=\"dezembro-2021\" style=\"padding-bottom:var(--wp--preset--spacing--60)\"><strong>Mar\u00e7o\/2026<\/strong><\/h4>\n\n\n\n<figure class=\"wp-block-table is-style-stripes\"><table><tbody><tr><td><strong>Descri\u00e7\u00e3o<\/strong><\/td><td><strong>\u00cdndices<\/strong><\/td><td class=\"has-text-align-center\" data-align=\"center\"><strong>M\u00eas<\/strong><\/td><td class=\"has-text-align-center\" data-align=\"center\"><strong>Ano<\/strong><\/td><td class=\"has-text-align-center\" data-align=\"center\"><strong>12 Meses<\/strong><\/td><\/tr><tr><td>Terraplenagem<\/td><td>518,129<\/td><td class=\"has-text-align-center\" data-align=\"center\">2,843<\/td><td class=\"has-text-align-center\" data-align=\"center\">2,686<\/td><td class=\"has-text-align-center\" data-align=\"center\">2,298<\/td><\/tr><tr><td>Pavimenta\u00e7\u00e3o<\/td><td>559,279<\/td><td class=\"has-text-align-center\" data-align=\"center\">1,058<\/td><td class=\"has-text-align-center\" data-align=\"center\">1,185<\/td><td class=\"has-text-align-center\" data-align=\"center\">2,028<\/td><\/tr><tr><td>Cimento Asf\u00e1ltico de Petr\u00f3leo (Cap 7 e 20)<\/td><td>879,968<\/td><td class=\"has-text-align-center\" data-align=\"center\">0,068<\/td><td class=\"has-text-align-center\" data-align=\"center\">-7,155<\/td><td class=\"has-text-align-center\" data-align=\"center\">-21,667<\/td><\/tr><tr><td>Emuls\u00f5es (RR1C e RR2C)<\/td><td>814,944<\/td><td class=\"has-text-align-center\" data-align=\"center\">0,047<\/td><td class=\"has-text-align-center\" data-align=\"center\">-5,741<\/td><td class=\"has-text-align-center\" data-align=\"center\">-18,243<\/td><\/tr><tr><td>Emuls\u00e3o Asf\u00e1ltica Modificada<\/td><td>139,007<\/td><td class=\"has-text-align-center\" data-align=\"center\">-0,469<\/td><td class=\"has-text-align-center\" data-align=\"center\">-5,668<\/td><td class=\"has-text-align-center\" data-align=\"center\">-17,912<\/td><\/tr><tr><td>Asfalto Modificado Por Pol\u00edmero<\/td><td>132,705<\/td><td class=\"has-text-align-center\" data-align=\"center\">-0,070<\/td><td class=\"has-text-align-center\" data-align=\"center\">-5,865<\/td><td class=\"has-text-align-center\" data-align=\"center\">-18,637<\/td><\/tr><tr><td>Asfalto Borracha<\/td><td>139,899<\/td><td class=\"has-text-align-center\" data-align=\"center\">-0,027<\/td><td class=\"has-text-align-center\" data-align=\"center\">-6,082<\/td><td class=\"has-text-align-center\" data-align=\"center\">-18,937<\/td><\/tr><tr><td>Emuls\u00e3o Asf\u00e1ltica de Imprima\u00e7\u00e3o<\/td><td>134,202<\/td><td class=\"has-text-align-center\" data-align=\"center\">-1,147<\/td><td class=\"has-text-align-center\" data-align=\"center\">-3,531<\/td><td class=\"has-text-align-center\" data-align=\"center\">-15,329<\/td><\/tr><tr><td>Obras de Arte Especiais sem A\u00e7o<\/td><td>508,061<\/td><td class=\"has-text-align-center\" data-align=\"center\">0,928<\/td><td class=\"has-text-align-center\" data-align=\"center\">1,196<\/td><td class=\"has-text-align-center\" data-align=\"center\">3,951<\/td><\/tr><tr><td>Servi\u00e7os com A\u00e7o para Obras de Arte Especiais<\/td><td>100,705<\/td><td class=\"has-text-align-center\" data-align=\"center\">0,582<\/td><td class=\"has-text-align-center\" data-align=\"center\">1,456<\/td><td class=\"has-text-align-center\" data-align=\"center\">0,335<\/td><\/tr><tr><td>Drenagem<\/td><td>499,591<\/td><td class=\"has-text-align-center\" data-align=\"center\">0,631<\/td><td class=\"has-text-align-center\" data-align=\"center\">1,189<\/td><td class=\"has-text-align-center\" data-align=\"center\">3,890<\/td><\/tr><tr><td>Conserva\u00e7\u00e3o Rodovi\u00e1ria<\/td><td>474,069<\/td><td class=\"has-text-align-center\" data-align=\"center\">0,795<\/td><td class=\"has-text-align-center\" data-align=\"center\">1,374<\/td><td class=\"has-text-align-center\" data-align=\"center\">4,478<\/td><\/tr><tr><td>Sinaliza\u00e7\u00e3o Horizontal<\/td><td>473,213<\/td><td class=\"has-text-align-center\" data-align=\"center\">0,539<\/td><td class=\"has-text-align-center\" data-align=\"center\">1,436<\/td><td class=\"has-text-align-center\" data-align=\"center\">2,556<\/td><\/tr><tr><td>Sinaliza\u00e7\u00e3o Vertical<\/td><td>276,907<\/td><td class=\"has-text-align-center\" data-align=\"center\">0,443<\/td><td class=\"has-text-align-center\" data-align=\"center\">1,235<\/td><td class=\"has-text-align-center\" data-align=\"center\">2,419<\/td><\/tr><tr><td>Pavimentos de Concreto<\/td><td>447,356<\/td><td class=\"has-text-align-center\" data-align=\"center\">0,998<\/td><td class=\"has-text-align-center\" data-align=\"center\">1,524<\/td><td class=\"has-text-align-center\" data-align=\"center\">4,278<\/td><\/tr><tr><td>\u00cdndice Nacional de Custo da Constru\u00e7\u00e3o (INCC-M)<\/td><td>1.247,18<\/td><td class=\"has-text-align-center\" data-align=\"center\">0,540<\/td><td class=\"has-text-align-center\" data-align=\"center\">1,549<\/td><td class=\"has-text-align-center\" data-align=\"center\">5,838<\/td><\/tr><tr><td>\u00cdndice Geral de Pre\u00e7os\/Disponibilidade Interna (IGP-DI)<\/td><td>1.173,04<\/td><td class=\"has-text-align-center\" data-align=\"center\">1,143<\/td><td class=\"has-text-align-center\" data-align=\"center\">0,497<\/td><td class=\"has-text-align-center\" data-align=\"center\">-1,305<\/td><\/tr><\/tbody><\/table><\/figure>\n\n\n\n<div style=\"height:15px\" aria-hidden=\"true\" class=\"wp-block-spacer\"><\/div>\n\n\n\n<p><strong>Obs<\/strong>.:<br>O \u00edndice Asfalto Dilu\u00eddo de Petr\u00f3leo &#8211; ADP foi descontinuado, conforme informado no Of\u00edcio-Circular n\u00ba<br>374\/2026\/ASSESSORIA\/DPP\/DNIT SEDE (SEI n\u00ba 23579044).<\/p>\n\n\n\n<div style=\"height:25px\" aria-hidden=\"true\" class=\"wp-block-spacer\"><\/div>\n\n\n\n<div class=\"wp-block-buttons is-horizontal is-content-justification-center is-layout-flex wp-container-core-buttons-is-layout-03627597 wp-block-buttons-is-layout-flex\">\n<div class=\"wp-block-button\"><a class=\"wp-block-button__link wp-element-button\" href=\"https:\/\/sinicesp.org.br\/boletins\/boleco\/%C3%8Dndices-FGV.pdf\" target=\"_blank\" rel=\"noreferrer noopener\">\u00cdndices anteriores<\/a><\/div>\n<\/div>\n<\/div><\/section>\n<\/div><\/section>\n\n\n\n<p><\/p>\n","protected":false},"excerpt":{"rendered":"","protected":false},"author":1,"featured_media":0,"parent":0,"menu_order":0,"comment_status":"closed","ping_status":"closed","template":"","meta":{"om_disable_all_campaigns":false,"_uag_custom_page_level_css":"","_monsterinsights_skip_tracking":false,"_monsterinsights_sitenote_active":false,"_monsterinsights_sitenote_note":"","_monsterinsights_sitenote_category":0,"site-sidebar-layout":"default","site-content-layout":"plain-container","ast-site-content-layout":"normal-width-container","site-content-style":"unboxed","site-sidebar-style":"unboxed","ast-global-header-display":"","ast-banner-title-visibility":"","ast-main-header-display":"","ast-hfb-above-header-display":"","ast-hfb-below-header-display":"","ast-hfb-mobile-header-display":"","site-post-title":"disabled","ast-breadcrumbs-content":"","ast-featured-img":"","footer-sml-layout":"","ast-disable-related-posts":"","theme-transparent-header-meta":"default","adv-header-id-meta":"","stick-header-meta":"","header-above-stick-meta":"","header-main-stick-meta":"","header-below-stick-meta":"","astra-migrate-meta-layouts":"set","ast-page-background-enabled":"default","ast-page-background-meta":{"desktop":{"background-color":"","background-image":"","background-repeat":"repeat","background-position":"center center","background-size":"auto","background-attachment":"scroll","background-type":"","background-media":"","overlay-type":"","overlay-color":"","overlay-opacity":"","overlay-gradient":""},"tablet":{"background-color":"","background-image":"","background-repeat":"repeat","background-position":"center center","background-size":"auto","background-attachment":"scroll","background-type":"","background-media":"","overlay-type":"","overlay-color":"","overlay-opacity":"","overlay-gradient":""},"mobile":{"background-color":"","background-image":"","background-repeat":"repeat","background-position":"center center","background-size":"auto","background-attachment":"scroll","background-type":"","background-media":"","overlay-type":"","overlay-color":"","overlay-opacity":"","overlay-gradient":""}},"ast-content-background-meta":{"desktop":{"background-color":"var(--ast-global-color-5)","background-image":"","background-repeat":"repeat","background-position":"center center","background-size":"auto","background-attachment":"scroll","background-type":"","background-media":"","overlay-type":"","overlay-color":"","overlay-opacity":"","overlay-gradient":""},"tablet":{"background-color":"var(--ast-global-color-5)","background-image":"","background-repeat":"repeat","background-position":"center center","background-size":"auto","background-attachment":"scroll","background-type":"","background-media":"","overlay-type":"","overlay-color":"","overlay-opacity":"","overlay-gradient":""},"mobile":{"background-color":"var(--ast-global-color-5)","background-image":"","background-repeat":"repeat","background-position":"center center","background-size":"auto","background-attachment":"scroll","background-type":"","background-media":"","overlay-type":"","overlay-color":"","overlay-opacity":"","overlay-gradient":""}},"footnotes":""},"class_list":["post-160","page","type-page","status-publish","hentry"],"aioseo_notices":[],"uagb_featured_image_src":{"full":false,"thumbnail":false,"medium":false,"medium_large":false,"large":false,"1536x1536":false,"2048x2048":false},"uagb_author_info":{"display_name":"Rodrigo","author_link":"https:\/\/sinicesp.org.br\/index.php\/author\/sinicesp\/"},"uagb_comment_info":0,"uagb_excerpt":null,"_links":{"self":[{"href":"https:\/\/sinicesp.org.br\/index.php\/wp-json\/wp\/v2\/pages\/160","targetHints":{"allow":["GET"]}}],"collection":[{"href":"https:\/\/sinicesp.org.br\/index.php\/wp-json\/wp\/v2\/pages"}],"about":[{"href":"https:\/\/sinicesp.org.br\/index.php\/wp-json\/wp\/v2\/types\/page"}],"author":[{"embeddable":true,"href":"https:\/\/sinicesp.org.br\/index.php\/wp-json\/wp\/v2\/users\/1"}],"replies":[{"embeddable":true,"href":"https:\/\/sinicesp.org.br\/index.php\/wp-json\/wp\/v2\/comments?post=160"}],"version-history":[{"count":27,"href":"https:\/\/sinicesp.org.br\/index.php\/wp-json\/wp\/v2\/pages\/160\/revisions"}],"predecessor-version":[{"id":7968,"href":"https:\/\/sinicesp.org.br\/index.php\/wp-json\/wp\/v2\/pages\/160\/revisions\/7968"}],"wp:attachment":[{"href":"https:\/\/sinicesp.org.br\/index.php\/wp-json\/wp\/v2\/media?parent=160"}],"curies":[{"name":"wp","href":"https:\/\/api.w.org\/{rel}","templated":true}]}}