{"id":1946,"date":"2021-11-24T13:18:01","date_gmt":"2021-11-24T16:18:01","guid":{"rendered":"http:\/\/sinicesp.org.br\/?page_id=1946"},"modified":"2021-11-24T13:26:53","modified_gmt":"2021-11-24T16:26:53","slug":"vantagens","status":"publish","type":"page","link":"https:\/\/sinicesp.org.br\/index.php\/vantagens\/","title":{"rendered":"Vantagens"},"content":{"rendered":"\n<section class=\"wp-block-uagb-section uagb-section__wrap uagb-section__background-color uagb-block-280203bd\"><div class=\"uagb-section__overlay\"><\/div><div class=\"uagb-section__inner-wrap\">\n<div id=\"section-g9a990b\" class=\"wp-block-gutentor-e1 section-g9a990b gutentor-element gutentor-element-advanced-text text-align-center-desktop\"><div class=\"gutentor-text-wrap\"><h2 class=\"gutentor-text\"><strong><strong>Vantagens em se associar ao SINICESP<\/strong><\/strong><\/h2><\/div><\/div>\n\n\n\n<div style=\"height:25px\" aria-hidden=\"true\" class=\"wp-block-spacer\"><\/div>\n\n\n\n<div class=\"wp-block-columns is-layout-flex wp-container-core-columns-is-layout-28f84493 wp-block-columns-is-layout-flex\">\n<div class=\"wp-block-column is-layout-flow wp-block-column-is-layout-flow\" style=\"flex-basis:100%\">\n<ul class=\"wp-block-list\"><li>Reuni\u00e3o mensal da Diretoria com as empresas para an\u00e1lises e debates sobre problemas que afetam a ind\u00fastria da constru\u00e7\u00e3o pesada, al\u00e9m de debates sobre provid\u00eancias a serem tomadas. <br><br><\/li><li>Presta\u00e7\u00e3o de ampla assessoria jur\u00eddica, t\u00e9cnica e de comunica\u00e7\u00e3o, com atendimento personalizado, possibilitando esclarecimento de d\u00favidas e orienta\u00e7\u00f5es pr\u00e1ticas sobre procedimentos inerentes \u00e0 atividade.<br><\/li><\/ul>\n\n\n\n<ul class=\"wp-block-list\"><li>Atendimento a consultas telef\u00f4nicas ou por escrito sobre temas t\u00e9cnicos, trabalhistas, tribut\u00e1rios e administrativos.<br><\/li><\/ul>\n\n\n\n<ul class=\"wp-block-list\"><li>An\u00e1lise de editais e provid\u00eancias, por interm\u00e9dio de impugna\u00e7\u00f5es, quando houver solicita\u00e7\u00e3o das empresas, desde que haja transgress\u00e3o a dispositivos da Lei de Licita\u00e7\u00f5es.<br><\/li><\/ul>\n\n\n\n<ul class=\"wp-block-list\"><li>Acompanhamento, discuss\u00e3o e propostas sempre que novas leis entram em tramita\u00e7\u00e3o no Congresso ou na Assembleia Legislativa.<br><\/li><\/ul>\n\n\n\n<ul class=\"wp-block-list\"><li>Negocia\u00e7\u00f5es trabalhistas com diversos sindicatos de empregados da categoria profissional da constru\u00e7\u00e3o pesada.<br><\/li><\/ul>\n\n\n\n<ul class=\"wp-block-list\"><li>Promo\u00e7\u00e3o de semin\u00e1rios, cursos e palestras sobre temas jur\u00eddicos e t\u00e9cnicos de interesse das empresas associadas.<br><\/li><\/ul>\n\n\n\n<ul class=\"wp-block-list\"><li>Encontros, na sede do Sindicato, com autoridades e representantes dos \u00f3rg\u00e3os p\u00fablicos contratantes de obras.<br><\/li><\/ul>\n\n\n\n<ul class=\"wp-block-list\"><li>Fornecimento de informes contendo as licita\u00e7\u00f5es abertas em todo o Pa\u00eds (\u00f3rg\u00e3os federais, estaduais e municipais).<br><\/li><\/ul>\n\n\n\n<ul class=\"wp-block-list\"><li>Envio de informativos com as principais not\u00edcias de interesse da categoria.<br><\/li><\/ul>\n\n\n\n<ul class=\"wp-block-list\"><li>Distribui\u00e7\u00e3o de publica\u00e7\u00e3o bimestral de modo a fortalecer a imagem do setor.<br><\/li><\/ul>\n\n\n\n<ul class=\"wp-block-list\"><li>Biblioteca especializada para consultas e pesquisas jur\u00eddicas e t\u00e9cnicas.<br><\/li><\/ul>\n\n\n\n<ul class=\"wp-block-list\"><li>Publica\u00e7\u00e3o de livros especializados.<br><\/li><\/ul>\n\n\n\n<ul class=\"wp-block-list\"><li>Pesquisas sobre \u00edndices econ\u00f4micos, n\u00edvel de emprego e sal\u00e1rios.<br><\/li><\/ul>\n\n\n\n<ul class=\"wp-block-list\"><li>Contrata\u00e7\u00e3o de pareceres jur\u00eddicos e estudos econ\u00f4micos e t\u00e9cnicos para embasamento de a\u00e7\u00f5es em favor das empresas.<br><\/li><\/ul>\n\n\n\n<ul class=\"wp-block-list\"><li>Parceria com a FIESP com a finalidade de fornecer servi\u00e7os conveniados, a pre\u00e7os reduzidos.<br><\/li><\/ul>\n\n\n\n<ul class=\"wp-block-list\"><li>A\u00e7\u00f5es conjuntas com entidades cong\u00eaneres, com o objetivo de defender interesses das empresas associadas.<br><\/li><\/ul>\n\n\n\n<ul class=\"wp-block-list\"><li>Grupo de Rela\u00e7\u00f5es do Trabalho (GRT), integrado pelas empresas associadas, com a miss\u00e3o de estudar quest\u00f5es relativas a capital\/trabalho.<br><\/li><\/ul>\n\n\n\n<ul class=\"wp-block-list\"><li>Portal com informa\u00e7\u00f5es e not\u00edcias de modo a permitir consulta r\u00e1pida sobre assuntos de interesse, legisla\u00e7\u00e3o, eventos etc.<\/li><\/ul>\n\n\n\n<p><\/p>\n<\/div>\n<\/div>\n<\/div><\/section>\n","protected":false},"excerpt":{"rendered":"","protected":false},"author":1,"featured_media":0,"parent":0,"menu_order":0,"comment_status":"closed","ping_status":"closed","template":"","meta":{"om_disable_all_campaigns":false,"_uag_custom_page_level_css":"","_monsterinsights_skip_tracking":false,"_monsterinsights_sitenote_active":false,"_monsterinsights_sitenote_note":"","_monsterinsights_sitenote_category":0,"site-sidebar-layout":"default","site-content-layout":"plain-container","ast-site-content-layout":"default","site-content-style":"default","site-sidebar-style":"default","ast-global-header-display":"","ast-banner-title-visibility":"","ast-main-header-display":"","ast-hfb-above-header-display":"","ast-hfb-below-header-display":"","ast-hfb-mobile-header-display":"","site-post-title":"disabled","ast-breadcrumbs-content":"","ast-featured-img":"","footer-sml-layout":"","ast-disable-related-posts":"","theme-transparent-header-meta":"default","adv-header-id-meta":"","stick-header-meta":"","header-above-stick-meta":"","header-main-stick-meta":"","header-below-stick-meta":"","astra-migrate-meta-layouts":"default","ast-page-background-enabled":"default","ast-page-background-meta":{"desktop":{"background-color":"","background-image":"","background-repeat":"repeat","background-position":"center center","background-size":"auto","background-attachment":"scroll","background-type":"","background-media":"","overlay-type":"","overlay-color":"","overlay-opacity":"","overlay-gradient":""},"tablet":{"background-color":"","background-image":"","background-repeat":"repeat","background-position":"center center","background-size":"auto","background-attachment":"scroll","background-type":"","background-media":"","overlay-type":"","overlay-color":"","overlay-opacity":"","overlay-gradient":""},"mobile":{"background-color":"","background-image":"","background-repeat":"repeat","background-position":"center center","background-size":"auto","background-attachment":"scroll","background-type":"","background-media":"","overlay-type":"","overlay-color":"","overlay-opacity":"","overlay-gradient":""}},"ast-content-background-meta":{"desktop":{"background-color":"var(--ast-global-color-5)","background-image":"","background-repeat":"repeat","background-position":"center center","background-size":"auto","background-attachment":"scroll","background-type":"","background-media":"","overlay-type":"","overlay-color":"","overlay-opacity":"","overlay-gradient":""},"tablet":{"background-color":"var(--ast-global-color-5)","background-image":"","background-repeat":"repeat","background-position":"center center","background-size":"auto","background-attachment":"scroll","background-type":"","background-media":"","overlay-type":"","overlay-color":"","overlay-opacity":"","overlay-gradient":""},"mobile":{"background-color":"var(--ast-global-color-5)","background-image":"","background-repeat":"repeat","background-position":"center center","background-size":"auto","background-attachment":"scroll","background-type":"","background-media":"","overlay-type":"","overlay-color":"","overlay-opacity":"","overlay-gradient":""}},"footnotes":""},"class_list":["post-1946","page","type-page","status-publish","hentry"],"aioseo_notices":[],"uagb_featured_image_src":{"full":false,"thumbnail":false,"medium":false,"medium_large":false,"large":false,"1536x1536":false,"2048x2048":false},"uagb_author_info":{"display_name":"Rodrigo","author_link":"https:\/\/sinicesp.org.br\/index.php\/author\/sinicesp\/"},"uagb_comment_info":0,"uagb_excerpt":null,"_links":{"self":[{"href":"https:\/\/sinicesp.org.br\/index.php\/wp-json\/wp\/v2\/pages\/1946","targetHints":{"allow":["GET"]}}],"collection":[{"href":"https:\/\/sinicesp.org.br\/index.php\/wp-json\/wp\/v2\/pages"}],"about":[{"href":"https:\/\/sinicesp.org.br\/index.php\/wp-json\/wp\/v2\/types\/page"}],"author":[{"embeddable":true,"href":"https:\/\/sinicesp.org.br\/index.php\/wp-json\/wp\/v2\/users\/1"}],"replies":[{"embeddable":true,"href":"https:\/\/sinicesp.org.br\/index.php\/wp-json\/wp\/v2\/comments?post=1946"}],"version-history":[{"count":0,"href":"https:\/\/sinicesp.org.br\/index.php\/wp-json\/wp\/v2\/pages\/1946\/revisions"}],"wp:attachment":[{"href":"https:\/\/sinicesp.org.br\/index.php\/wp-json\/wp\/v2\/media?parent=1946"}],"curies":[{"name":"wp","href":"https:\/\/api.w.org\/{rel}","templated":true}]}}