{"id":1972,"date":"2021-11-24T13:39:49","date_gmt":"2021-11-24T16:39:49","guid":{"rendered":"http:\/\/sinicesp.org.br\/?page_id=1972"},"modified":"2021-11-24T13:39:50","modified_gmt":"2021-11-24T16:39:50","slug":"acoes-recentes","status":"publish","type":"page","link":"https:\/\/sinicesp.org.br\/index.php\/acoes-recentes\/","title":{"rendered":"A\u00e7\u00f5es recentes"},"content":{"rendered":"\n<section class=\"wp-block-uagb-section uagb-section__wrap uagb-section__background-color uagb-block-92301ff8\"><div class=\"uagb-section__overlay\"><\/div><div class=\"uagb-section__inner-wrap\">\n<div id=\"section-g94e8ba\" class=\"wp-block-gutentor-e1 section-g94e8ba gutentor-element gutentor-element-advanced-text text-align-center-desktop\"><div class=\"gutentor-text-wrap\"><h2 class=\"gutentor-text\"><strong><strong>A\u00e7\u00f5es recentes do SINICESP<\/strong><\/strong><\/h2><\/div><\/div>\n\n\n\n<div style=\"height:25px\" aria-hidden=\"true\" class=\"wp-block-spacer\"><\/div>\n\n\n\n<div class=\"wp-block-columns is-layout-flex wp-container-core-columns-is-layout-28f84493 wp-block-columns-is-layout-flex\">\n<div class=\"wp-block-column is-layout-flow wp-block-column-is-layout-flow\" style=\"flex-basis:100%\">\n<ul class=\"wp-block-list\"><li>Parceria com o Instituto Rumo Inclus\u00e3o para facilitar a inclus\u00e3o de pessoas com defici\u00eancia no mercado de trabalho e o cumprimento da Lei de Cotas.<br><\/li><\/ul>\n\n\n\n<ul class=\"wp-block-list\"><li>\u00caxito em A\u00e7\u00e3o Direta de Inconstitucionalidade, ajuizada perante o Tribunal de Justi\u00e7a do Estado de S\u00e3o Paulo, que declara inconstitucional a 2.243\/15, com a altera\u00e7\u00e3o introduzida pela Lei n\u00ba 2.326\/17, do munic\u00edpio de Caraguatatuba e desobriga as empresas associadas ao SINICESP que prestem servi\u00e7os no munic\u00edpio a contratarem e manterem m\u00e3o de obra local naquele munic\u00edpio, na propor\u00e7\u00e3o de 70% (setenta por cento) de seu quadro efetivo de funcion\u00e1rios.<br><\/li><\/ul>\n\n\n\n<ul class=\"wp-block-list\"><li>\u00caxito em A\u00e7\u00e3o Direta de Inconstitucionalidade, ajuizada perante o Tribunal de Justi\u00e7a do Estado de S\u00e3o Paulo, que declara inconstitucional a Lei n\u00ba 2.336\/2015, do munic\u00edpio de S\u00e3o Sebasti\u00e3o, e desobriga as empresas associadas ao SINICESP que prestem servi\u00e7os no munic\u00edpio e tenham mais de 15 funcion\u00e1rios a contratarem e manterem m\u00e3o de obra local naquele munic\u00edpio, na propor\u00e7\u00e3o de 70% (setenta por cento) de seu quadro efetivo de funcion\u00e1rios.<br><\/li><\/ul>\n\n\n\n<ul class=\"wp-block-list\"><li>Senten\u00e7a na S\u00e9tima Vara da Fazenda P\u00fablica de S\u00e3o Paulo desobrigando as empresas limitadas de grande porte a realizarem a divulga\u00e7\u00e3o e publica\u00e7\u00e3o do balan\u00e7o anual e das demonstra\u00e7\u00f5es financeiras em jornal de grande circula\u00e7\u00e3o.<br><\/li><\/ul>\n\n\n\n<ul class=\"wp-block-list\"><li>Pedido ao governador do Estado de S\u00e3o Paulo para que tome provid\u00eancias de forma a solucionar problema de atraso nos pagamentos das obras j\u00e1 realizadas, bem como para dar uma defini\u00e7\u00e3o sobre atual est\u00e1gio de altera\u00e7\u00e3o dos cronogramas de obras.<br><\/li><\/ul>\n\n\n\n<ul class=\"wp-block-list\"><li>Encaminhamento de pedido de provid\u00eancias para que o DER promova mecanismo de compensa\u00e7\u00e3o nos contratos das empresas, relativo aos aumentos promovidos no pre\u00e7o do asfalto.<br><\/li><\/ul>\n\n\n\n<ul class=\"wp-block-list\"><li>Solicita\u00e7\u00e3o ao governo do Estado de S\u00e3o Paulo para que realize o reequil\u00edbrio dos contratos da constru\u00e7\u00e3o pesada em virtude da desonera\u00e7\u00e3o da folha de pagamentos, determinada pela Lei 12.844\/2013.<br><\/li><\/ul>\n\n\n\n<ul class=\"wp-block-list\"><li>Parceria com o Instituto de Engenharia de S\u00e3o Paulo para realizar a\u00e7\u00f5es que resultem na obrigatoriedade de elabora\u00e7\u00e3o de projetos nas obras de infraestrutura nacional.<br><\/li><\/ul>\n\n\n\n<ul class=\"wp-block-list\"><li>Termo de Compromisso com a SRTE\/SP para Inclus\u00e3o da Pessoa com Defici\u00eancia, que define metas de contrata\u00e7\u00e3o de PcDs ou benefici\u00e1rios para as empresas que aderiram ao referido Termo ou para aquelas que vierem a aderir, por prazo determinado a contar da assinatura do documento.<br><\/li><\/ul>\n\n\n\n<ul class=\"wp-block-list\"><li>Cria\u00e7\u00e3o do Comit\u00ea Legislativo para acompanhamento da legisla\u00e7\u00e3o pertinente \u00e0 categoria econ\u00f4mica representada pelo SINICESP e monitoramento da tramita\u00e7\u00e3o de projetos e edi\u00e7\u00e3o de novas leis e normas.<br><\/li><\/ul>\n\n\n\n<p><\/p>\n<\/div>\n<\/div>\n<\/div><\/section>\n","protected":false},"excerpt":{"rendered":"","protected":false},"author":1,"featured_media":0,"parent":0,"menu_order":0,"comment_status":"closed","ping_status":"closed","template":"","meta":{"om_disable_all_campaigns":false,"_uag_custom_page_level_css":"","_monsterinsights_skip_tracking":false,"_monsterinsights_sitenote_active":false,"_monsterinsights_sitenote_note":"","_monsterinsights_sitenote_category":0,"site-sidebar-layout":"default","site-content-layout":"plain-container","ast-site-content-layout":"default","site-content-style":"default","site-sidebar-style":"default","ast-global-header-display":"","ast-banner-title-visibility":"","ast-main-header-display":"","ast-hfb-above-header-display":"","ast-hfb-below-header-display":"","ast-hfb-mobile-header-display":"","site-post-title":"disabled","ast-breadcrumbs-content":"","ast-featured-img":"","footer-sml-layout":"","ast-disable-related-posts":"","theme-transparent-header-meta":"default","adv-header-id-meta":"","stick-header-meta":"","header-above-stick-meta":"","header-main-stick-meta":"","header-below-stick-meta":"","astra-migrate-meta-layouts":"default","ast-page-background-enabled":"default","ast-page-background-meta":{"desktop":{"background-color":"","background-image":"","background-repeat":"repeat","background-position":"center center","background-size":"auto","background-attachment":"scroll","background-type":"","background-media":"","overlay-type":"","overlay-color":"","overlay-opacity":"","overlay-gradient":""},"tablet":{"background-color":"","background-image":"","background-repeat":"repeat","background-position":"center center","background-size":"auto","background-attachment":"scroll","background-type":"","background-media":"","overlay-type":"","overlay-color":"","overlay-opacity":"","overlay-gradient":""},"mobile":{"background-color":"","background-image":"","background-repeat":"repeat","background-position":"center center","background-size":"auto","background-attachment":"scroll","background-type":"","background-media":"","overlay-type":"","overlay-color":"","overlay-opacity":"","overlay-gradient":""}},"ast-content-background-meta":{"desktop":{"background-color":"var(--ast-global-color-5)","background-image":"","background-repeat":"repeat","background-position":"center center","background-size":"auto","background-attachment":"scroll","background-type":"","background-media":"","overlay-type":"","overlay-color":"","overlay-opacity":"","overlay-gradient":""},"tablet":{"background-color":"var(--ast-global-color-5)","background-image":"","background-repeat":"repeat","background-position":"center center","background-size":"auto","background-attachment":"scroll","background-type":"","background-media":"","overlay-type":"","overlay-color":"","overlay-opacity":"","overlay-gradient":""},"mobile":{"background-color":"var(--ast-global-color-5)","background-image":"","background-repeat":"repeat","background-position":"center center","background-size":"auto","background-attachment":"scroll","background-type":"","background-media":"","overlay-type":"","overlay-color":"","overlay-opacity":"","overlay-gradient":""}},"footnotes":""},"class_list":["post-1972","page","type-page","status-publish","hentry"],"aioseo_notices":[],"uagb_featured_image_src":{"full":false,"thumbnail":false,"medium":false,"medium_large":false,"large":false,"1536x1536":false,"2048x2048":false},"uagb_author_info":{"display_name":"Rodrigo","author_link":"https:\/\/sinicesp.org.br\/index.php\/author\/sinicesp\/"},"uagb_comment_info":0,"uagb_excerpt":null,"_links":{"self":[{"href":"https:\/\/sinicesp.org.br\/index.php\/wp-json\/wp\/v2\/pages\/1972","targetHints":{"allow":["GET"]}}],"collection":[{"href":"https:\/\/sinicesp.org.br\/index.php\/wp-json\/wp\/v2\/pages"}],"about":[{"href":"https:\/\/sinicesp.org.br\/index.php\/wp-json\/wp\/v2\/types\/page"}],"author":[{"embeddable":true,"href":"https:\/\/sinicesp.org.br\/index.php\/wp-json\/wp\/v2\/users\/1"}],"replies":[{"embeddable":true,"href":"https:\/\/sinicesp.org.br\/index.php\/wp-json\/wp\/v2\/comments?post=1972"}],"version-history":[{"count":0,"href":"https:\/\/sinicesp.org.br\/index.php\/wp-json\/wp\/v2\/pages\/1972\/revisions"}],"wp:attachment":[{"href":"https:\/\/sinicesp.org.br\/index.php\/wp-json\/wp\/v2\/media?parent=1972"}],"curies":[{"name":"wp","href":"https:\/\/api.w.org\/{rel}","templated":true}]}}