{"id":1983,"date":"2021-11-24T13:55:56","date_gmt":"2021-11-24T16:55:56","guid":{"rendered":"http:\/\/sinicesp.org.br\/?page_id=1983"},"modified":"2021-11-24T13:55:56","modified_gmt":"2021-11-24T16:55:56","slug":"suporte-ao-associado","status":"publish","type":"page","link":"https:\/\/sinicesp.org.br\/index.php\/suporte-ao-associado\/","title":{"rendered":"Suporte ao associado"},"content":{"rendered":"\n<section class=\"wp-block-uagb-section uagb-section__wrap uagb-section__background-color uagb-block-9cc80147\"><div class=\"uagb-section__overlay\"><\/div><div class=\"uagb-section__inner-wrap\">\n<div id=\"section-g114042\" class=\"wp-block-gutentor-e1 section-g114042 gutentor-element gutentor-element-advanced-text text-align-center-desktop\"><div class=\"gutentor-text-wrap\"><h2 class=\"gutentor-text\"><strong><strong>Suporte ao associado<\/strong><\/strong><\/h2><\/div><\/div>\n\n\n\n<div style=\"height:25px\" aria-hidden=\"true\" class=\"wp-block-spacer\"><\/div>\n\n\n\n<p><strong>CORPO DIRETIVO<\/strong> <br><br>S\u00e3o realizados encontros semanais com as empresas associadas para a discuss\u00e3o dos assuntos relacionados aos programas de obras de infraestrutura do Estado de S\u00e3o Paulo. A diretoria representa ativamente seus associados em seus diversos pleitos junto aos \u00f3rg\u00e3os p\u00fablicos relacionados com a ind\u00fastria da constru\u00e7\u00e3o pesada. <br><br><strong>\u00c1REA JUR\u00cdDICA<\/strong> <br><br>Defende os interesses das empresas da constru\u00e7\u00e3o pesada celebrando conven\u00e7\u00f5es coletivas de trabalho. <br><br>Participa de forma relevante em a\u00e7\u00f5es judiciais coletivas, sempre dando suporte legal \u00e0s construtoras. <br><br>Coordena o servi\u00e7o de consultoria jur\u00eddica com staff altamente preparado para orientar e assessorar as empresas associadas nas quest\u00f5es do direito administrativo, trabalhista, c\u00edvel e tribut\u00e1rio, inclusive impetrando mandado de seguran\u00e7a coletivo. <br><br>O Grupo de Rela\u00e7\u00f5es de Trabalho, GRT, discute as rela\u00e7\u00f5es capital\/trabalho e o Comit\u00ea Tribut\u00e1rio analisa os temas espec\u00edficos de car\u00e1ter tribut\u00e1rio e previdenci\u00e1rio. Ambos avaliam as quest\u00f5es levantadas pelas empresas, propondo solu\u00e7\u00f5es eficientes para cada tipo de impasse legal. <br><br><strong>\u00c1REA T\u00c9CNICA<\/strong> <br><br>A ger\u00eancia t\u00e9cnica do\u00a0<strong>SINICESP<\/strong>\u00a0\u00e9 respons\u00e1vel por canais diretos de comunica\u00e7\u00e3o junto aos \u00f3rg\u00e3os p\u00fablicos e privados, como o Departamento de Estradas de Rodagem, o DER, e a Secretaria de Log\u00edstica e Transportes do Estado de S\u00e3o Paulo. O Departamento T\u00e9cnico divulga diariamente os editais de concorr\u00eancias de obras em todo o Pa\u00eds. As empresas associadas tamb\u00e9m recebem pesquisas e indicadores sobre a varia\u00e7\u00e3o dos sal\u00e1rios do setor, sobre o n\u00edvel de emprego e \u00edndices econ\u00f4micos que comp\u00f5em os custos das obras. <br><br><strong>RELA\u00c7\u00d5ES INSTITUCIONAIS<\/strong> <br><br>Atua em nome das empresas associadas no papel de interlocutor perante as autoridades governamentais, \u00f3rg\u00e3os p\u00fablicos e entidades de classe ligadas \u00e0 cadeia produtiva da constru\u00e7\u00e3o do Estado de S\u00e3o Paulo e do Brasil. <br><br><strong>COMUNICA\u00c7\u00c3O<\/strong> <br><br>Promove as atividades relacionadas \u00e0 troca de informa\u00e7\u00f5es entre o\u00a0<strong>SINICESP<\/strong>\u00a0e seus diversos p\u00fablicos, bem como com as entidades parceiras e imprensa em geral. Atua na elabora\u00e7\u00e3o dos conte\u00fados informativos estrat\u00e9gicos direcionados \u00e0s empresas associadas, de forma din\u00e2mica e objetiva, distribuindo tamb\u00e9m os conte\u00fados elaborados por todos os departamentos do Sindicato. <br><br><strong>EVENTOS E INFRAESTRUTURA<\/strong> <br><br>A nova sede coloca \u00e0 disposi\u00e7\u00e3o das empresas associadas uma infraestrutura composta por modernas salas para reuni\u00f5es, biblioteca, al\u00e9m de amplo audit\u00f3rio para eventos, onde s\u00e3o realizadas palestras e encontros com autoridades e especialistas do setor.<br><\/p>\n<\/div><\/section>\n","protected":false},"excerpt":{"rendered":"","protected":false},"author":1,"featured_media":0,"parent":0,"menu_order":0,"comment_status":"closed","ping_status":"closed","template":"","meta":{"om_disable_all_campaigns":false,"_uag_custom_page_level_css":"","_monsterinsights_skip_tracking":false,"_monsterinsights_sitenote_active":false,"_monsterinsights_sitenote_note":"","_monsterinsights_sitenote_category":0,"site-sidebar-layout":"default","site-content-layout":"plain-container","ast-site-content-layout":"default","site-content-style":"default","site-sidebar-style":"default","ast-global-header-display":"","ast-banner-title-visibility":"","ast-main-header-display":"","ast-hfb-above-header-display":"","ast-hfb-below-header-display":"","ast-hfb-mobile-header-display":"","site-post-title":"disabled","ast-breadcrumbs-content":"","ast-featured-img":"","footer-sml-layout":"","ast-disable-related-posts":"","theme-transparent-header-meta":"default","adv-header-id-meta":"","stick-header-meta":"","header-above-stick-meta":"","header-main-stick-meta":"","header-below-stick-meta":"","astra-migrate-meta-layouts":"default","ast-page-background-enabled":"default","ast-page-background-meta":{"desktop":{"background-color":"","background-image":"","background-repeat":"repeat","background-position":"center center","background-size":"auto","background-attachment":"scroll","background-type":"","background-media":"","overlay-type":"","overlay-color":"","overlay-opacity":"","overlay-gradient":""},"tablet":{"background-color":"","background-image":"","background-repeat":"repeat","background-position":"center center","background-size":"auto","background-attachment":"scroll","background-type":"","background-media":"","overlay-type":"","overlay-color":"","overlay-opacity":"","overlay-gradient":""},"mobile":{"background-color":"","background-image":"","background-repeat":"repeat","background-position":"center center","background-size":"auto","background-attachment":"scroll","background-type":"","background-media":"","overlay-type":"","overlay-color":"","overlay-opacity":"","overlay-gradient":""}},"ast-content-background-meta":{"desktop":{"background-color":"var(--ast-global-color-5)","background-image":"","background-repeat":"repeat","background-position":"center center","background-size":"auto","background-attachment":"scroll","background-type":"","background-media":"","overlay-type":"","overlay-color":"","overlay-opacity":"","overlay-gradient":""},"tablet":{"background-color":"var(--ast-global-color-5)","background-image":"","background-repeat":"repeat","background-position":"center center","background-size":"auto","background-attachment":"scroll","background-type":"","background-media":"","overlay-type":"","overlay-color":"","overlay-opacity":"","overlay-gradient":""},"mobile":{"background-color":"var(--ast-global-color-5)","background-image":"","background-repeat":"repeat","background-position":"center center","background-size":"auto","background-attachment":"scroll","background-type":"","background-media":"","overlay-type":"","overlay-color":"","overlay-opacity":"","overlay-gradient":""}},"footnotes":""},"class_list":["post-1983","page","type-page","status-publish","hentry"],"aioseo_notices":[],"uagb_featured_image_src":{"full":false,"thumbnail":false,"medium":false,"medium_large":false,"large":false,"1536x1536":false,"2048x2048":false},"uagb_author_info":{"display_name":"Rodrigo","author_link":"https:\/\/sinicesp.org.br\/index.php\/author\/sinicesp\/"},"uagb_comment_info":0,"uagb_excerpt":null,"_links":{"self":[{"href":"https:\/\/sinicesp.org.br\/index.php\/wp-json\/wp\/v2\/pages\/1983","targetHints":{"allow":["GET"]}}],"collection":[{"href":"https:\/\/sinicesp.org.br\/index.php\/wp-json\/wp\/v2\/pages"}],"about":[{"href":"https:\/\/sinicesp.org.br\/index.php\/wp-json\/wp\/v2\/types\/page"}],"author":[{"embeddable":true,"href":"https:\/\/sinicesp.org.br\/index.php\/wp-json\/wp\/v2\/users\/1"}],"replies":[{"embeddable":true,"href":"https:\/\/sinicesp.org.br\/index.php\/wp-json\/wp\/v2\/comments?post=1983"}],"version-history":[{"count":0,"href":"https:\/\/sinicesp.org.br\/index.php\/wp-json\/wp\/v2\/pages\/1983\/revisions"}],"wp:attachment":[{"href":"https:\/\/sinicesp.org.br\/index.php\/wp-json\/wp\/v2\/media?parent=1983"}],"curies":[{"name":"wp","href":"https:\/\/api.w.org\/{rel}","templated":true}]}}