{"id":2,"date":"2021-03-04T16:59:23","date_gmt":"2021-03-04T19:59:23","guid":{"rendered":"http:\/\/sinicesp.org.br\/?page_id=2"},"modified":"2026-03-20T09:16:30","modified_gmt":"2026-03-20T12:16:30","slug":"sinicesp","status":"publish","type":"page","link":"https:\/\/sinicesp.org.br\/","title":{"rendered":"Home"},"content":{"rendered":"\n<div style=\"height:20px\" aria-hidden=\"true\" class=\"wp-block-spacer\"><\/div>\n\n\n\n<section class=\"wp-block-uagb-section uagb-section__wrap uagb-section__background-none uagb-block-7a21af14\"><div class=\"uagb-section__overlay\"><\/div><div class=\"uagb-section__inner-wrap\">\n<div class=\"wp-block-columns is-layout-flex wp-container-core-columns-is-layout-d7d455e7 wp-block-columns-is-layout-flex\" style=\"padding-top:0;padding-right:0;padding-bottom:0;padding-left:0\">\n<div class=\"wp-block-column is-layout-flow wp-block-column-is-layout-flow\" style=\"flex-basis:69.5%\">\n\n<\/div>\n\n\n\n<div class=\"wp-block-column is-layout-flow wp-block-column-is-layout-flow\" style=\"flex-basis:0.8%\"><\/div>\n\n\n\n<div class=\"wp-block-column is-layout-flow wp-block-column-is-layout-flow\" style=\"flex-basis:29.7%\">\n<div id=\"section-g6db2ee\" class=\"wp-block-gutentor-e1 alignfull section-g6db2ee gutentor-element gutentor-element-advanced-text text-align-center-desktop text-align-center-tablet text-align-center-mobile\"><div class=\"gutentor-text-wrap\"><h4 class=\"gutentor-text\"><strong>\u00daltimas not\u00edcias<\/strong><\/h4><\/div><\/div>\n\n\n<section class=\"gutentor-post-module section-g1e5408 gutentor-post-module-p1 gutentor_p1_template1 alignfull wp-block-gutentor-p1  has-color-bg has-custom-bg gutentor-enabled-width gutentor-blog-list\" id=\"g1e5408\" data-gbid=\"g1e5408\" >\n<div class='grid-container'><div class='grid-row' ><article class='gutentor-post gutentor-post-no-thumb  text-align-left-desktop'><div class='gutentor-post-item'><div class=\"gutentor-post-content\"><div class=\"gutentor-entry-meta gutentor-entry-meta-primary\"><div class=\"gutentor-meta-categories\"><i class=\"fas fa-tags\"><\/i><a href=\"https:\/\/sinicesp.org.br\/index.php\/category\/ultimas-noticias\/\" rel=\"category tag\">\u00daltimas Not\u00edcias<\/a><\/div><\/div><h5 class=\"gutentor-post-title\"><a href=\"https:\/\/sinicesp.org.br\/index.php\/2026\/03\/30\/concessao-de-medida-liminar-recolhimento-de-irpj-e-csll\/\" rel=\"bookmark\">CONCESS\u00c3O DE MEDIDA LIMINAR- RECOLHIMENTO DE IRPJ E CSLL<\/a><\/h5><\/div><\/div><\/article><article class='gutentor-post gutentor-post-no-thumb  text-align-left-desktop'><div class='gutentor-post-item'><div class=\"gutentor-post-content\"><div class=\"gutentor-entry-meta gutentor-entry-meta-primary\"><div class=\"gutentor-meta-categories\"><i class=\"fas fa-tags\"><\/i><a href=\"https:\/\/sinicesp.org.br\/index.php\/category\/sinimail\/\" rel=\"category tag\">Sinimail<\/a><\/div><\/div><h5 class=\"gutentor-post-title\"><a href=\"https:\/\/sinicesp.org.br\/index.php\/2026\/03\/24\/sinicesp-obtem-renovacao-da-certificacao-esg-sustentabilidade\/\" rel=\"bookmark\">SINICESP obt\u00e9m renova\u00e7\u00e3o da Certifica\u00e7\u00e3o ESG Sustentabilidade<\/a><\/h5><\/div><\/div><\/article><article class='gutentor-post gutentor-post-no-thumb  text-align-left-desktop'><div class='gutentor-post-item'><div class=\"gutentor-post-content\"><div class=\"gutentor-entry-meta gutentor-entry-meta-primary\"><div class=\"gutentor-meta-categories\"><i class=\"fas fa-tags\"><\/i><a href=\"https:\/\/sinicesp.org.br\/index.php\/category\/ultimas-noticias\/\" rel=\"category tag\">\u00daltimas Not\u00edcias<\/a><\/div><\/div><h5 class=\"gutentor-post-title\"><a href=\"https:\/\/sinicesp.org.br\/index.php\/2026\/03\/23\/forum-da-advb-analisa-impactos-da-ratificacao-do-acordo-entre-o-mercosul-e-a-uniao-europeia\/\" rel=\"bookmark\">F\u00f3rum da ADVB analisa impactos da ratifica\u00e7\u00e3o do acordo entre o Mercosul e a Uni\u00e3o Europeia<\/a><\/h5><\/div><\/div><\/article><article class='gutentor-post gutentor-post-no-thumb  text-align-left-desktop'><div class='gutentor-post-item'><div class=\"gutentor-post-content\"><div class=\"gutentor-entry-meta gutentor-entry-meta-primary\"><div class=\"gutentor-meta-categories\"><i class=\"fas fa-tags\"><\/i><a href=\"https:\/\/sinicesp.org.br\/index.php\/category\/ultimas-noticias\/\" rel=\"category tag\">\u00daltimas Not\u00edcias<\/a><\/div><\/div><h5 class=\"gutentor-post-title\"><a href=\"https:\/\/sinicesp.org.br\/index.php\/2026\/03\/19\/assembleia-legislativa-homenageia-presidente-do-seconci-sp\/\" rel=\"bookmark\">Assembleia Legislativa homenageia presidente do Seconci-SP<\/a><\/h5><\/div><\/div><\/article><\/div><\/div><\/section>\n\n\n<p class=\"has-text-align-right has-text-color\" style=\"color:#0767b1;margin-top:20px;margin-bottom:20px;padding-top:0;padding-bottom:0\"><a href=\"https:\/\/sinicesp.org.br\/index.php\/sinimail\/\"><strong>Todas as not\u00edcias<\/strong>  <\/a><\/p>\n<\/div>\n<\/div>\n<\/div><\/section>\n\n\n\n<section class=\"wp-block-uagb-section uagb-section__wrap uagb-section__background-color uagb-block-59924f87\"><div class=\"uagb-section__overlay\"><\/div><div class=\"uagb-section__inner-wrap\">\n<div class=\"wp-block-columns is-layout-flex wp-container-core-columns-is-layout-d7d455e7 wp-block-columns-is-layout-flex\" style=\"padding-top:0;padding-right:0;padding-bottom:0;padding-left:0\">\n<div class=\"wp-block-column is-layout-flow wp-block-column-is-layout-flow\" style=\"flex-basis:69.5%\">\n<div id=\"section-g04ae71\" class=\"wp-block-gutentor-e1 alignfull section-g04ae71 gutentor-element gutentor-element-advanced-text text-align-center-desktop text-align-center-tablet text-align-center-mobile\"><div class=\"gutentor-text-wrap\"><h4 class=\"gutentor-text\"><strong>Outros destaques<\/strong><\/h4><\/div><\/div>\n\n\n<section class=\"gutentor-post-module section-ga753d6 gutentor-post-module-p1 gutentor_p1_template1 alignfull wp-block-gutentor-p1  has-color-bg has-custom-bg gutentor-enabled-width gutentor-blog-list\" id=\"ga753d6\" data-gbid=\"ga753d6\" >\n<div class='grid-container'><div class='grid-row' ><article class='gutentor-post  text-align-left-desktop'><div class='gutentor-post-item'><div class='gutentor-post-image-box'><div class=\"gutentor-image-thumb\"><img loading=\"lazy\" decoding=\"async\" width=\"250\" height=\"167\" src=\"https:\/\/sinicesp.org.br\/wp-content\/uploads\/2026\/03\/boletim-juridico-2026-02a-pequena.jpg\" class=\"attachment-full size-full wp-post-image\" alt=\"\" \/><\/div><\/div><div class=\"gutentor-post-content\"><div class=\"gutentor-entry-meta gutentor-entry-meta-primary\"><div class=\"gutentor-meta-categories\"><i class=\"fas fa-tags\"><\/i><a href=\"https:\/\/sinicesp.org.br\/index.php\/category\/boletim-juridico\/\" rel=\"category tag\">Boletim Jur\u00eddico<\/a><\/div><\/div><h4 class=\"gutentor-post-title\"><a href=\"https:\/\/sinicesp.org.br\/index.php\/2026\/03\/25\/com-base-em-tese-do-supremo-stj-reconhece-contribuicao-patronal-sobre-terco-de-ferias\/\" rel=\"bookmark\">Com base em tese do Supremo, STJ reconhece contribui\u00e7\u00e3o patronal sobre ter\u00e7o de f\u00e9rias<\/a><\/h4><\/div><\/div><\/article><article class='gutentor-post  text-align-left-desktop'><div class='gutentor-post-item'><div class='gutentor-post-image-box'><div class=\"gutentor-image-thumb\"><img loading=\"lazy\" decoding=\"async\" width=\"250\" height=\"167\" src=\"https:\/\/sinicesp.org.br\/wp-content\/uploads\/2026\/03\/boletim-juridico-2026-02-stf-pequena.jpg\" class=\"attachment-full size-full wp-post-image\" alt=\"Edif\u00edcio Sede do STJ - Cr\u00e9dito: Max Rocha\/STJ\" \/><\/div><\/div><div class=\"gutentor-post-content\"><div class=\"gutentor-entry-meta gutentor-entry-meta-primary\"><div class=\"gutentor-meta-categories\"><i class=\"fas fa-tags\"><\/i><a href=\"https:\/\/sinicesp.org.br\/index.php\/category\/boletim-juridico\/\" rel=\"category tag\">Boletim Jur\u00eddico<\/a><\/div><\/div><h4 class=\"gutentor-post-title\"><a href=\"https:\/\/sinicesp.org.br\/index.php\/2026\/03\/25\/stf-vai-decidir-se-contribuicao-previdenciaria-patronal-incide-sobre-13o-proporcional-ao-aviso-previo-indenizado\/\" rel=\"bookmark\">STF vai decidir se contribui\u00e7\u00e3o previdenci\u00e1ria patronal incide sobre 13\u00ba proporcional ao aviso-pr\u00e9vio indenizado<\/a><\/h4><\/div><\/div><\/article><article class='gutentor-post  text-align-left-desktop'><div class='gutentor-post-item'><div class='gutentor-post-image-box'><div class=\"gutentor-image-thumb\"><img loading=\"lazy\" decoding=\"async\" width=\"250\" height=\"167\" src=\"https:\/\/sinicesp.org.br\/wp-content\/uploads\/2026\/03\/boletim-juridico-2026-02-stj-pequena.jpg\" class=\"attachment-full size-full wp-post-image\" alt=\"Edif\u00edcio Sede do STJ - Cr\u00e9dito: Max Rocha\/STJ\" \/><\/div><\/div><div class=\"gutentor-post-content\"><div class=\"gutentor-entry-meta gutentor-entry-meta-primary\"><div class=\"gutentor-meta-categories\"><i class=\"fas fa-tags\"><\/i><a href=\"https:\/\/sinicesp.org.br\/index.php\/category\/boletim-juridico\/\" rel=\"category tag\">Boletim Jur\u00eddico<\/a><\/div><\/div><h4 class=\"gutentor-post-title\"><a href=\"https:\/\/sinicesp.org.br\/index.php\/2026\/03\/25\/stj-condenadas-em-reclamacoes-trabalhistas-tem-ate-dez-anos-para-acoes-regressivas\/\" rel=\"bookmark\">STJ: Condenadas em reclama\u00e7\u00f5es trabalhistas t\u00eam at\u00e9 dez anos para a\u00e7\u00f5es regressivas<\/a><\/h4><\/div><\/div><\/article><article class='gutentor-post  text-align-left-desktop'><div class='gutentor-post-item'><div class='gutentor-post-image-box'><div class=\"gutentor-image-thumb\"><img loading=\"lazy\" decoding=\"async\" width=\"250\" height=\"167\" src=\"https:\/\/sinicesp.org.br\/wp-content\/uploads\/2026\/03\/2026-ods-na-pratica.jpg\" class=\"attachment-full size-full wp-post-image\" alt=\"\" \/><\/div><\/div><div class=\"gutentor-post-content\"><div class=\"gutentor-entry-meta gutentor-entry-meta-primary\"><div class=\"gutentor-meta-categories\"><i class=\"fas fa-tags\"><\/i><a href=\"https:\/\/sinicesp.org.br\/index.php\/category\/responsabilidade-social\/\" rel=\"category tag\">Responsabilidade Social<\/a><\/div><\/div><h4 class=\"gutentor-post-title\"><a href=\"https:\/\/sinicesp.org.br\/index.php\/2026\/03\/18\/tcesp-lanca-quarto-modulo-de-trilha-de-aprendizagem-sobre-objetivos-de-desenvolvimento-sustentavel\/\" rel=\"bookmark\">TCESP lan\u00e7a quarto m\u00f3dulo de Trilha de Aprendizagem sobre Objetivos de Desenvolvimento Sustent\u00e1vel<\/a><\/h4><\/div><\/div><\/article><article class='gutentor-post  text-align-left-desktop'><div class='gutentor-post-item'><div class='gutentor-post-image-box'><div class=\"gutentor-image-thumb\"><img loading=\"lazy\" decoding=\"async\" width=\"250\" height=\"167\" src=\"https:\/\/sinicesp.org.br\/wp-content\/uploads\/2026\/03\/bt-2026-01-destaque.jpg\" class=\"attachment-full size-full wp-post-image\" alt=\"\" \/><\/div><\/div><div class=\"gutentor-post-content\"><div class=\"gutentor-entry-meta gutentor-entry-meta-primary\"><div class=\"gutentor-meta-categories\"><i class=\"fas fa-tags\"><\/i><a href=\"https:\/\/sinicesp.org.br\/index.php\/category\/boletim-tecnico\/\" rel=\"category tag\">Boletim T\u00e9cnico<\/a><\/div><\/div><h4 class=\"gutentor-post-title\"><a href=\"https:\/\/sinicesp.org.br\/index.php\/2026\/03\/12\/retomada-esbarra-em-obstaculos-conhecidos\/\" rel=\"bookmark\">Retomada esbarra em obst\u00e1culos conhecidos<\/a><\/h4><\/div><\/div><\/article><\/div><\/div><\/section><\/div>\n\n\n\n<div class=\"wp-block-column is-layout-flow wp-block-column-is-layout-flow\" style=\"flex-basis:0.8%\"><\/div>\n\n\n\n<div class=\"wp-block-column is-layout-flow wp-block-column-is-layout-flow\" style=\"flex-basis:29.7%\">\n<figure class=\"wp-block-image alignfull size-full\"><a href=\"https:\/\/sinicesp.org.br\/index.php\/associe-se\/\"><img loading=\"lazy\" decoding=\"async\" width=\"300\" height=\"250\" src=\"https:\/\/sinicesp.org.br\/wp-content\/uploads\/2021\/03\/banner-expansao-300-250.jpg\" alt=\"\" class=\"wp-image-255\"\/><\/a><\/figure>\n\n\n\n<div style=\"height:3px\" aria-hidden=\"true\" class=\"wp-block-spacer\"><\/div>\n\n\n\n<figure class=\"wp-block-image alignfull size-full\"><a href=\"http:\/\/sinicesp.gersin.com.br\/consulta\" target=\"_blank\" rel=\"noopener\"><img loading=\"lazy\" decoding=\"async\" width=\"300\" height=\"100\" src=\"https:\/\/sinicesp.org.br\/wp-content\/uploads\/2021\/04\/consulta-boletos-b-300-100.jpg\" alt=\"\" class=\"wp-image-584\"\/><\/a><\/figure>\n\n\n\n<div style=\"height:5px\" aria-hidden=\"true\" class=\"wp-block-spacer\"><\/div>\n\n\n\n<figure class=\"wp-block-image alignfull size-full\"><a href=\"https:\/\/sinicesp.org.br\/index.php\/sindical\/\"><img loading=\"lazy\" decoding=\"async\" width=\"300\" height=\"100\" src=\"https:\/\/sinicesp.org.br\/wp-content\/uploads\/2026\/01\/Sindical-2026.jpg\" alt=\"\" class=\"wp-image-7717\"\/><\/a><\/figure>\n<\/div>\n<\/div>\n<\/div><\/section>\n\n\n\n<section class=\"wp-block-uagb-section uagb-section__wrap uagb-section__background-none uagb-block-ddd18519\"><div class=\"uagb-section__overlay\"><\/div><div class=\"uagb-section__inner-wrap\">\n<div class=\"wp-block-columns is-layout-flex wp-container-core-columns-is-layout-d7d455e7 wp-block-columns-is-layout-flex\" style=\"padding-top:0;padding-right:0;padding-bottom:0;padding-left:0\">\n<div class=\"wp-block-column is-layout-flow wp-block-column-is-layout-flow\" style=\"flex-basis:100%\">\n<div id=\"section-gefac63\" class=\"wp-block-gutentor-e1 alignwide section-gefac63 gutentor-element gutentor-element-advanced-text text-align-center-desktop text-align-center-tablet text-align-center-mobile\"><div class=\"gutentor-text-wrap\"><h4 class=\"gutentor-text\"><strong>Apoios<\/strong><\/h4><\/div><\/div>\n<\/div>\n<\/div>\n\n\n\n<div class=\"wp-block-uagb-container uagb-layout-flex uagb-block-c406ddac default uagb-is-root-container\">\n<section id=\"gm49655bb\" class=\"wp-block-gutentor-m0 alignwide section-gm49655bb gutentor-module gutentor-module-carousel gutentor-slick-a-b-left-desktop gutentor-slick-a-default-tablet gutentor-slick-a-default-mobile\"><div class=\"grid-container gutentor-rm-ct-space-d\"><div class=\"gutentor-slick-arrows\"><\/div><div class=\"gutentor-module-carousel-row\" data-dots=\"false\" data-dotstablet=\"false\" data-dotsmobile=\"false\" data-arrows=\"true\" data-arrowstablet=\"true\" data-arrowsmobile=\"true\" data-infinite=\"true\" data-autoplay=\"true\" data-draggable=\"true\" data-pauseonfocus=\"true\" data-pauseonhover=\"true\" data-autoplayspeed=\"3000\" data-cmondesktop=\"false\" data-cmontablet=\"true\" data-cmonmobile=\"true\" data-nextarrow=\"fas fa-angle-right\" data-prevarrow=\"fas fa-angle-left\" data-arrowspositiondesktop=\"gutentor-slick-a-b-left-desktop\" data-arrowspositiontablet=\"gutentor-slick-a-default-tablet\" data-arrowspositionmobile=\"gutentor-slick-a-default-mobile\" data-speed=\"150\" data-slideitemdesktop=\"3\" data-slideitemtablet=\"3\" data-slideitemmobile=\"1\" data-slidescroll-desktop=\"1\" data-slidescroll-tablet=\"1\" data-slidescroll-mobile=\"1\">\n<div id=\"col-g-zfw3wp1\" class=\"wp-block-gutentor-m0-col col-g-zfw3wp1 gutentor-carousel-item\"><div id=\"section-g-zfw3wp1\" class=\"section-g-zfw3wp1 gutentor-col-wrap\">\n<div id=\"section-g-50yy1zs\" class=\"wp-block-gutentor-e6 section-g-50yy1zs gutentor-element gutentor-element-image\"><div class=\"gutentor-element-image-box\"><a class=\"gutentor-element-image-link\" href=\"https:\/\/www.premiomasterimobiliario.com.br\/site\/\" target=\"_blank\" rel=\" noopener noreferrer\"><div class=\"gutentor-image-thumb\"><img decoding=\"async\" class=\"normal-image\" src=\"https:\/\/sinicesp.org.br\/wp-content\/uploads\/2026\/02\/2026-premio-master.png\"\/><\/div><\/a><\/div><\/div>\n<\/div><\/div>\n\n\n\n<div id=\"col-g-e8g53mc\" class=\"wp-block-gutentor-m0-col col-g-e8g53mc gutentor-carousel-item\"><div id=\"section-g-e8g53mc\" class=\"section-g-e8g53mc gutentor-col-wrap\">\n<div id=\"section-g-l2h7xcx\" class=\"wp-block-gutentor-e6 section-g-l2h7xcx gutentor-element gutentor-element-image\"><div class=\"gutentor-element-image-box\"><a class=\"gutentor-element-image-link\" href=\"https:\/\/www.sympla.com.br\/evento\/enacon-2026---encontro-nacional-das-administradoras-de-condomInios\/3291901?d=BRASINFRA25\" target=\"_blank\" rel=\" noopener noreferrer\"><div class=\"gutentor-image-thumb\"><img decoding=\"async\" class=\"normal-image\" src=\"https:\/\/sinicesp.org.br\/wp-content\/uploads\/2026\/03\/2026-enacon.jpg\"\/><\/div><\/a><\/div><\/div>\n<\/div><\/div>\n\n\n\n<div id=\"col-g-k1p3414\" class=\"wp-block-gutentor-m0-col col-g-k1p3414 gutentor-carousel-item\"><div id=\"section-g-k1p3414\" class=\"section-g-k1p3414 gutentor-col-wrap\">\n<div id=\"section-g-sswss7s\" class=\"wp-block-gutentor-e6 section-g-sswss7s gutentor-element gutentor-element-image\"><div class=\"gutentor-element-image-box\"><a class=\"gutentor-element-image-link\" href=\"https:\/\/www.sympla.com.br\/evento\/convenCAo-secovi-sp-2026\/3292330?d=BRASINFRA25\" target=\"_blank\" rel=\" noopener noreferrer\"><div class=\"gutentor-image-thumb\"><img decoding=\"async\" class=\"normal-image\" src=\"https:\/\/sinicesp.org.br\/wp-content\/uploads\/2026\/03\/2026-convencao-secovi.jpg\"\/><\/div><\/a><\/div><\/div>\n<\/div><\/div>\n\n\n\n<div id=\"col-g-85d2e3c\" class=\"wp-block-gutentor-m0-col col-g-85d2e3c gutentor-carousel-item\"><div id=\"section-g-85d2e3c\" class=\"section-g-85d2e3c gutentor-col-wrap\">\n<div id=\"section-g-dtidkkl\" class=\"wp-block-gutentor-e6 section-g-dtidkkl gutentor-element gutentor-element-image\"><div class=\"gutentor-element-image-box\"><a class=\"gutentor-element-image-link\" href=\"https:\/\/premioseconci-sp.com.br\/\" target=\"_blank\" rel=\" noopener noreferrer\"><div class=\"gutentor-image-thumb\"><img decoding=\"async\" class=\"normal-image\" src=\"https:\/\/sinicesp.org.br\/wp-content\/uploads\/2026\/03\/10-premio-seconci.jpg\"\/><\/div><\/a><\/div><\/div>\n<\/div><\/div>\n\n\n\n<div id=\"col-g-z1t75n7\" class=\"wp-block-gutentor-m0-col col-g-z1t75n7 gutentor-carousel-item\"><div id=\"section-g-z1t75n7\" class=\"section-g-z1t75n7 gutentor-col-wrap\">\n<div id=\"section-g-1yndb8n\" class=\"wp-block-gutentor-e6 section-g-1yndb8n gutentor-element gutentor-element-image\"><div class=\"gutentor-element-image-box\"><a class=\"gutentor-element-image-link\" href=\"https:\/\/bit.ly\/BRASINFRA-ARENAMT\" target=\"_blank\" rel=\" noopener noreferrer\"><div class=\"gutentor-image-thumb\"><img decoding=\"async\" class=\"normal-image\" src=\"https:\/\/sinicesp.org.br\/wp-content\/uploads\/2026\/03\/2026-arema-mt.jpg\"\/><\/div><\/a><\/div><\/div>\n<\/div><\/div>\n<\/div><\/div><\/section>\n<\/div>\n\n\n\n<div style=\"height:10px\" aria-hidden=\"true\" class=\"wp-block-spacer\"><\/div>\n<\/div><\/section>\n\n\n\n<div style=\"height:20px\" aria-hidden=\"true\" class=\"wp-block-spacer\"><\/div>\n","protected":false},"excerpt":{"rendered":"","protected":false},"author":1,"featured_media":0,"parent":0,"menu_order":0,"comment_status":"closed","ping_status":"open","template":"","meta":{"om_disable_all_campaigns":false,"_uag_custom_page_level_css":"","_monsterinsights_skip_tracking":false,"_monsterinsights_sitenote_active":false,"_monsterinsights_sitenote_note":"","_monsterinsights_sitenote_category":0,"site-sidebar-layout":"default","site-content-layout":"plain-container","ast-site-content-layout":"normal-width-container","site-content-style":"unboxed","site-sidebar-style":"unboxed","ast-global-header-display":"","ast-banner-title-visibility":"","ast-main-header-display":"","ast-hfb-above-header-display":"","ast-hfb-below-header-display":"","ast-hfb-mobile-header-display":"","site-post-title":"disabled","ast-breadcrumbs-content":"","ast-featured-img":"","footer-sml-layout":"","ast-disable-related-posts":"","theme-transparent-header-meta":"default","adv-header-id-meta":"","stick-header-meta":"","header-above-stick-meta":"","header-main-stick-meta":"","header-below-stick-meta":"","astra-migrate-meta-layouts":"set","ast-page-background-enabled":"default","ast-page-background-meta":{"desktop":{"background-color":"","background-image":"","background-repeat":"repeat","background-position":"center center","background-size":"auto","background-attachment":"scroll","background-type":"","background-media":"","overlay-type":"","overlay-color":"","overlay-opacity":"","overlay-gradient":""},"tablet":{"background-color":"","background-image":"","background-repeat":"repeat","background-position":"center center","background-size":"auto","background-attachment":"scroll","background-type":"","background-media":"","overlay-type":"","overlay-color":"","overlay-opacity":"","overlay-gradient":""},"mobile":{"background-color":"","background-image":"","background-repeat":"repeat","background-position":"center center","background-size":"auto","background-attachment":"scroll","background-type":"","background-media":"","overlay-type":"","overlay-color":"","overlay-opacity":"","overlay-gradient":""}},"ast-content-background-meta":{"desktop":{"background-color":"var(--ast-global-color-5)","background-image":"","background-repeat":"repeat","background-position":"center center","background-size":"auto","background-attachment":"scroll","background-type":"","background-media":"","overlay-type":"","overlay-color":"","overlay-opacity":"","overlay-gradient":""},"tablet":{"background-color":"var(--ast-global-color-5)","background-image":"","background-repeat":"repeat","background-position":"center center","background-size":"auto","background-attachment":"scroll","background-type":"","background-media":"","overlay-type":"","overlay-color":"","overlay-opacity":"","overlay-gradient":""},"mobile":{"background-color":"var(--ast-global-color-5)","background-image":"","background-repeat":"repeat","background-position":"center center","background-size":"auto","background-attachment":"scroll","background-type":"","background-media":"","overlay-type":"","overlay-color":"","overlay-opacity":"","overlay-gradient":""}},"footnotes":""},"class_list":["post-2","page","type-page","status-publish","hentry"],"aioseo_notices":[],"uagb_featured_image_src":{"full":false,"thumbnail":false,"medium":false,"medium_large":false,"large":false,"1536x1536":false,"2048x2048":false},"uagb_author_info":{"display_name":"Rodrigo","author_link":"https:\/\/sinicesp.org.br\/index.php\/author\/sinicesp\/"},"uagb_comment_info":0,"uagb_excerpt":null,"_links":{"self":[{"href":"https:\/\/sinicesp.org.br\/index.php\/wp-json\/wp\/v2\/pages\/2","targetHints":{"allow":["GET"]}}],"collection":[{"href":"https:\/\/sinicesp.org.br\/index.php\/wp-json\/wp\/v2\/pages"}],"about":[{"href":"https:\/\/sinicesp.org.br\/index.php\/wp-json\/wp\/v2\/types\/page"}],"author":[{"embeddable":true,"href":"https:\/\/sinicesp.org.br\/index.php\/wp-json\/wp\/v2\/users\/1"}],"replies":[{"embeddable":true,"href":"https:\/\/sinicesp.org.br\/index.php\/wp-json\/wp\/v2\/comments?post=2"}],"version-history":[{"count":51,"href":"https:\/\/sinicesp.org.br\/index.php\/wp-json\/wp\/v2\/pages\/2\/revisions"}],"predecessor-version":[{"id":7911,"href":"https:\/\/sinicesp.org.br\/index.php\/wp-json\/wp\/v2\/pages\/2\/revisions\/7911"}],"wp:attachment":[{"href":"https:\/\/sinicesp.org.br\/index.php\/wp-json\/wp\/v2\/media?parent=2"}],"curies":[{"name":"wp","href":"https:\/\/api.w.org\/{rel}","templated":true}]}}