{"id":2004,"date":"2021-11-25T10:04:30","date_gmt":"2021-11-25T13:04:30","guid":{"rendered":"http:\/\/sinicesp.org.br\/?page_id=2004"},"modified":"2026-01-07T15:29:04","modified_gmt":"2026-01-07T18:29:04","slug":"sindical","status":"publish","type":"page","link":"https:\/\/sinicesp.org.br\/index.php\/sindical\/","title":{"rendered":"Sindical"},"content":{"rendered":"\n<section class=\"wp-block-uagb-section uagb-section__wrap uagb-section__background-color uagb-block-a2730fdb\"><div class=\"uagb-section__overlay\"><\/div><div class=\"uagb-section__inner-wrap\">\n<div id=\"section-gddf931\" class=\"wp-block-gutentor-e1 section-gddf931 gutentor-element gutentor-element-advanced-text text-align-center-desktop\"><div class=\"gutentor-text-wrap\"><h2 class=\"gutentor-text\">Contribui\u00e7\u00e3o <strong>Sindical<\/strong><\/h2><\/div><\/div>\n\n\n\n<div style=\"height:25px\" aria-hidden=\"true\" class=\"wp-block-spacer\"><\/div>\n\n\n\n<div class=\"wp-block-columns is-layout-flex wp-container-core-columns-is-layout-28f84493 wp-block-columns-is-layout-flex\">\n<div class=\"wp-block-column is-layout-flow wp-block-column-is-layout-flow\" style=\"flex-basis:100%\">\n<p>Tabela para c\u00e1lculo da contribui\u00e7\u00e3o sindical, com vig\u00eancia para o m\u00eas de\u00a0<strong>janeiro de 2026.<\/strong> <br><br><strong>* C\u00f3digo da Entidade Sindical: 001.126.86313-8<\/strong><br><br><\/p>\n\n\n\n<figure class=\"wp-block-table is-style-stripes\"><table><tbody><tr><td class=\"has-text-align-center\" data-align=\"center\"> <strong>FAIXAS<\/strong> <\/td><td class=\"has-text-align-center\" data-align=\"center\">  <strong>Classe de Capital Social (R$)<\/strong>  <\/td><td class=\"has-text-align-center\" data-align=\"center\"> <strong>Al\u00edquota<br>(%)<\/strong> <\/td><td class=\"has-text-align-center\" data-align=\"center\"> <strong>Valor a<br>adicionar (R$)<\/strong> <\/td><\/tr><tr><td class=\"has-text-align-center\" data-align=\"center\">1<\/td><td class=\"has-text-align-center\" data-align=\"center\">de 0,01 at\u00e9 22.302,12<\/td><td class=\"has-text-align-center\" data-align=\"center\">Contrib. M\u00ednima<\/td><td class=\"has-text-align-center\" data-align=\"center\">178,42<\/td><\/tr><tr><td class=\"has-text-align-center\" data-align=\"center\">2<\/td><td class=\"has-text-align-center\" data-align=\"center\">de 22.302,13 at\u00e9 44.604,24<\/td><td class=\"has-text-align-center\" data-align=\"center\">0,80<\/td><td class=\"has-text-align-center\" data-align=\"center\">&#8211; 0 &#8211;<\/td><\/tr><tr><td class=\"has-text-align-center\" data-align=\"center\">3<\/td><td class=\"has-text-align-center\" data-align=\"center\">de 44.604,25 at\u00e9 446.042,43<\/td><td class=\"has-text-align-center\" data-align=\"center\">0,20<\/td><td class=\"has-text-align-center\" data-align=\"center\">267,63<\/td><\/tr><tr><td class=\"has-text-align-center\" data-align=\"center\">4<\/td><td class=\"has-text-align-center\" data-align=\"center\">de 446.042,44 at\u00e9 44.604.242,89<\/td><td class=\"has-text-align-center\" data-align=\"center\">0,10<\/td><td class=\"has-text-align-center\" data-align=\"center\">713,67<\/td><\/tr><tr><td class=\"has-text-align-center\" data-align=\"center\">5<\/td><td class=\"has-text-align-center\" data-align=\"center\">de 44.604.242,90 at\u00e9 237.889.295,40<\/td><td class=\"has-text-align-center\" data-align=\"center\">0,02<\/td><td class=\"has-text-align-center\" data-align=\"center\">36.397,06<\/td><\/tr><tr><td class=\"has-text-align-center\" data-align=\"center\">6<\/td><td class=\"has-text-align-center\" data-align=\"center\">de 237.889.295,41 em diante<\/td><td class=\"has-text-align-center\" data-align=\"center\">Contrib. M\u00e1xima<\/td><td class=\"has-text-align-center\" data-align=\"center\">83.974,92<\/td><\/tr><\/tbody><\/table><\/figure>\n\n\n\n<p><br>Sem mais para o momento, informamos que d\u00favidas poder\u00e3o ser dirimidas com&nbsp;<strong>Paula (<a href=\"mailto:cadastro@sinicesp.org.br\">cadastro@sinicesp.org.br<\/a>) ou<\/strong>&nbsp;<strong>Heloiza (<a href=\"mailto:cobranca@sinicesp.org.br\">cobranca@sinicesp.org.br<\/a>)<\/strong>, ou pelos telefones&nbsp;<strong>(11) 3179-5821 ou (11) 3179-5817<\/strong>.  <br><br>Atenciosamente,  <br><br><strong>Cesar Augusto Del Sasso<\/strong> <br><strong>Gerente Jur\u00eddico<\/strong><\/p>\n<\/div>\n<\/div>\n<\/div><\/section>\n","protected":false},"excerpt":{"rendered":"","protected":false},"author":1,"featured_media":0,"parent":0,"menu_order":0,"comment_status":"closed","ping_status":"closed","template":"","meta":{"om_disable_all_campaigns":false,"_uag_custom_page_level_css":"","_monsterinsights_skip_tracking":false,"_monsterinsights_sitenote_active":false,"_monsterinsights_sitenote_note":"","_monsterinsights_sitenote_category":0,"site-sidebar-layout":"default","site-content-layout":"plain-container","ast-site-content-layout":"normal-width-container","site-content-style":"unboxed","site-sidebar-style":"unboxed","ast-global-header-display":"","ast-banner-title-visibility":"","ast-main-header-display":"","ast-hfb-above-header-display":"","ast-hfb-below-header-display":"","ast-hfb-mobile-header-display":"","site-post-title":"disabled","ast-breadcrumbs-content":"","ast-featured-img":"","footer-sml-layout":"","ast-disable-related-posts":"","theme-transparent-header-meta":"default","adv-header-id-meta":"","stick-header-meta":"","header-above-stick-meta":"","header-main-stick-meta":"","header-below-stick-meta":"","astra-migrate-meta-layouts":"set","ast-page-background-enabled":"default","ast-page-background-meta":{"desktop":{"background-color":"","background-image":"","background-repeat":"repeat","background-position":"center center","background-size":"auto","background-attachment":"scroll","background-type":"","background-media":"","overlay-type":"","overlay-color":"","overlay-opacity":"","overlay-gradient":""},"tablet":{"background-color":"","background-image":"","background-repeat":"repeat","background-position":"center center","background-size":"auto","background-attachment":"scroll","background-type":"","background-media":"","overlay-type":"","overlay-color":"","overlay-opacity":"","overlay-gradient":""},"mobile":{"background-color":"","background-image":"","background-repeat":"repeat","background-position":"center center","background-size":"auto","background-attachment":"scroll","background-type":"","background-media":"","overlay-type":"","overlay-color":"","overlay-opacity":"","overlay-gradient":""}},"ast-content-background-meta":{"desktop":{"background-color":"var(--ast-global-color-5)","background-image":"","background-repeat":"repeat","background-position":"center center","background-size":"auto","background-attachment":"scroll","background-type":"","background-media":"","overlay-type":"","overlay-color":"","overlay-opacity":"","overlay-gradient":""},"tablet":{"background-color":"var(--ast-global-color-5)","background-image":"","background-repeat":"repeat","background-position":"center center","background-size":"auto","background-attachment":"scroll","background-type":"","background-media":"","overlay-type":"","overlay-color":"","overlay-opacity":"","overlay-gradient":""},"mobile":{"background-color":"var(--ast-global-color-5)","background-image":"","background-repeat":"repeat","background-position":"center center","background-size":"auto","background-attachment":"scroll","background-type":"","background-media":"","overlay-type":"","overlay-color":"","overlay-opacity":"","overlay-gradient":""}},"footnotes":""},"class_list":["post-2004","page","type-page","status-publish","hentry"],"aioseo_notices":[],"uagb_featured_image_src":{"full":false,"thumbnail":false,"medium":false,"medium_large":false,"large":false,"1536x1536":false,"2048x2048":false},"uagb_author_info":{"display_name":"Rodrigo","author_link":"https:\/\/sinicesp.org.br\/index.php\/author\/sinicesp\/"},"uagb_comment_info":0,"uagb_excerpt":null,"_links":{"self":[{"href":"https:\/\/sinicesp.org.br\/index.php\/wp-json\/wp\/v2\/pages\/2004","targetHints":{"allow":["GET"]}}],"collection":[{"href":"https:\/\/sinicesp.org.br\/index.php\/wp-json\/wp\/v2\/pages"}],"about":[{"href":"https:\/\/sinicesp.org.br\/index.php\/wp-json\/wp\/v2\/types\/page"}],"author":[{"embeddable":true,"href":"https:\/\/sinicesp.org.br\/index.php\/wp-json\/wp\/v2\/users\/1"}],"replies":[{"embeddable":true,"href":"https:\/\/sinicesp.org.br\/index.php\/wp-json\/wp\/v2\/comments?post=2004"}],"version-history":[{"count":1,"href":"https:\/\/sinicesp.org.br\/index.php\/wp-json\/wp\/v2\/pages\/2004\/revisions"}],"predecessor-version":[{"id":7715,"href":"https:\/\/sinicesp.org.br\/index.php\/wp-json\/wp\/v2\/pages\/2004\/revisions\/7715"}],"wp:attachment":[{"href":"https:\/\/sinicesp.org.br\/index.php\/wp-json\/wp\/v2\/media?parent=2004"}],"curies":[{"name":"wp","href":"https:\/\/api.w.org\/{rel}","templated":true}]}}