{"id":2247,"date":"2021-12-17T15:28:26","date_gmt":"2021-12-17T18:28:26","guid":{"rendered":"https:\/\/sinicesp.org.br\/?page_id=2247"},"modified":"2023-06-30T13:02:15","modified_gmt":"2023-06-30T16:02:15","slug":"responsabilidade-social","status":"publish","type":"page","link":"https:\/\/sinicesp.org.br\/index.php\/responsabilidade-social\/","title":{"rendered":"Responsabilidade social"},"content":{"rendered":"\n<section class=\"wp-block-uagb-section uagb-section__wrap uagb-section__background-none uagb-block-e2c730fe\"><div class=\"uagb-section__overlay\"><\/div><div class=\"uagb-section__inner-wrap\">\n<div class=\"wp-block-columns is-layout-flex wp-container-core-columns-is-layout-28f84493 wp-block-columns-is-layout-flex\">\n<div class=\"wp-block-column is-layout-flow wp-block-column-is-layout-flow\" style=\"flex-basis:100%\">\n<p style=\"font-size:14px\">O crescimento sustent\u00e1vel das corpora\u00e7\u00f5es e o consequente reconhecimento de cada empresa na comunidade que atua n\u00e3o \u00e9 poss\u00edvel nos dias de hoje sem a\u00e7\u00f5es de Responsabilidade Social. As posturas corporativas e os atos desenvolvidos de forma volunt\u00e1ria perante os diversos p\u00fablicos, buscando promover o bem estar dos colaboradores internos e externos, s\u00e3o iniciativas fundamentais para o reconhecimento das a\u00e7\u00f5es de Responsabilidade Social Empresarial. De forma mais ampla, a Responsabilidade Social nas empresas engloba tamb\u00e9m, al\u00e9m do comprometimento com pessoas e valores humanos, as preocupa\u00e7\u00f5es aut\u00eanticas com o meio ambiente. Este espa\u00e7o virtual \u00e9 destinado \u00e0 propaga\u00e7\u00e3o das a\u00e7\u00f5es que promovam a qualidade de vida e o bem estar dos p\u00fablicos com os quais as empresas se relacionam, bem como das iniciativas que minimizem os eventuais impactos negativos das atividades desenvolvidas na comunidade em que as corpora\u00e7\u00f5es atuam. <br><br>Para divulgar as a\u00e7\u00f5es de Responsabilidade Social entre em contato com: <a href=\"mailto:responsabilidade@sinicesp.org.br\"><strong>responsabilidade@sinicesp.org.br<\/strong><\/a><\/p>\n<\/div>\n<\/div>\n\n\n\n<p><\/p>\n<\/div><\/section>\n\n\n\n<section class=\"wp-block-uagb-columns uagb-columns__wrap uagb-columns__background-none uagb-columns__stack-mobile uagb-columns__valign- uagb-columns__gap-10 alignfull uagb-block-94854b91 uagb-columns__columns-3 uagb-columns__max_width-theme\"><div class=\"uagb-columns__overlay\"><\/div><div class=\"uagb-columns__inner-wrap uagb-columns__columns-3\">\n<div class=\"wp-block-uagb-column uagb-column__wrap uagb-column__background-color uagb-block-981eda80\"><div class=\"uagb-column__overlay\"><\/div>\n<div id=\"section-gd34783\" class=\"wp-block-gutentor-e1 alignfull section-gd34783 gutentor-element gutentor-element-advanced-text text-align-center-desktop text-align-center-tablet text-align-center-mobile\"><div class=\"gutentor-text-wrap\"><h4 class=\"gutentor-text\"><strong>Acompanhe<\/strong><\/h4><\/div><\/div>\n\n\n\n<div style=\"height:20px\" aria-hidden=\"true\" class=\"wp-block-spacer\"><\/div>\n\n\n<section class=\"gutentor-post-module section-600589b8-013e-4962-ba22-9505b9f8cf61 gutentor-post-module-p1 gutentor_p1_template1 alignfull wp-block-gutentor-p1  has-color-bg has-custom-bg gutentor-enabled-width gutentor-blog-list\" id=\"600589b8-013e-4962-ba22-9505b9f8cf61\" data-gbid=\"600589b8-013e-4962-ba22-9505b9f8cf61\">\n<div class='grid-container'><div class='grid-row'><article class='gutentor-post gutentor-post-no-thumb  text-align-left-desktop'><div class='gutentor-post-item'><div class=\"gutentor-post-content\"><div class=\"gutentor-entry-meta gutentor-entry-meta-primary\"><div class=\"gutentor-meta-categories\"><i class=\"fas fa-tags\"><\/i><a href=\"https:\/\/sinicesp.org.br\/index.php\/tag\/noticia\/\" rel=\"tag\">NOT\u00cdCIA<\/a><\/div><\/div><h4 class=\"gutentor-post-title\"><a href=\"https:\/\/sinicesp.org.br\/index.php\/2026\/04\/29\/associacoes-empresariais-lancam-coalizao-inedita-de-enfrentamento-a-desinformacao-no-brasil\/\" rel=\"bookmark\">Associa\u00e7\u00f5es empresariais lan\u00e7am Coaliz\u00e3o in\u00e9dita de enfrentamento \u00e0 desinforma\u00e7\u00e3o no Brasil<\/a><\/h4><\/div><\/div><\/article><article class='gutentor-post  text-align-left-desktop'><div class='gutentor-post-item'><div class='gutentor-post-image-box'><div class=\"gutentor-image-thumb\"><img loading=\"lazy\" decoding=\"async\" width=\"250\" height=\"167\" src=\"https:\/\/sinicesp.org.br\/wp-content\/uploads\/2026\/03\/2026-ods-na-pratica.jpg\" class=\"attachment-full size-full wp-post-image\" alt=\"\" \/><\/div><\/div><div class=\"gutentor-post-content\"><div class=\"gutentor-entry-meta gutentor-entry-meta-primary\"><div class=\"gutentor-meta-categories\"><i class=\"fas fa-tags\"><\/i><a href=\"https:\/\/sinicesp.org.br\/index.php\/tag\/noticia\/\" rel=\"tag\">NOT\u00cdCIA<\/a><\/div><\/div><h4 class=\"gutentor-post-title\"><a href=\"https:\/\/sinicesp.org.br\/index.php\/2026\/03\/18\/tcesp-lanca-quarto-modulo-de-trilha-de-aprendizagem-sobre-objetivos-de-desenvolvimento-sustentavel\/\" rel=\"bookmark\">TCESP lan\u00e7a quarto m\u00f3dulo de Trilha de Aprendizagem sobre Objetivos de Desenvolvimento Sustent\u00e1vel<\/a><\/h4><\/div><\/div><\/article><article class='gutentor-post gutentor-post-no-thumb  text-align-left-desktop'><div class='gutentor-post-item'><div class=\"gutentor-post-content\"><div class=\"gutentor-entry-meta gutentor-entry-meta-primary\"><div class=\"gutentor-meta-categories\"><i class=\"fas fa-tags\"><\/i><a href=\"https:\/\/sinicesp.org.br\/index.php\/tag\/noticia\/\" rel=\"tag\">NOT\u00cdCIA<\/a><\/div><\/div><h4 class=\"gutentor-post-title\"><a href=\"https:\/\/sinicesp.org.br\/index.php\/2026\/02\/25\/fim-do-esg-ignorar-riscos-nunca-foi-bom-negocio\/\" rel=\"bookmark\">Fim do ESG? Ignorar riscos nunca foi bom neg\u00f3cio<\/a><\/h4><\/div><\/div><\/article><\/div><\/div><\/section>\n\n\n<p class=\"has-text-align-right\"> <strong><a href=\"https:\/\/sinicesp.org.br\/index.php\/noticias-responsabilidade\/\">Todas as not\u00edcias<\/a><\/strong><a href=\"https:\/\/sinicesp.org.br\/index.php\/sinimail\/\"> <\/a> <\/p>\n<\/div>\n\n\n\n<div class=\"wp-block-uagb-column uagb-column__wrap uagb-column__background-undefined uagb-block-a1905306\"><div class=\"uagb-column__overlay\"><\/div><\/div>\n\n\n\n<div class=\"wp-block-uagb-column uagb-column__wrap uagb-column__background-color uagb-block-c627af87\"><div class=\"uagb-column__overlay\"><\/div>\n<div id=\"section-gc1f7f1\" class=\"wp-block-gutentor-e1 alignfull section-gc1f7f1 gutentor-element gutentor-element-advanced-text gutentor-adv-text-enabled-width text-align-center-desktop text-align-center-tablet text-align-center-mobile\"><div class=\"gutentor-text-wrap\"><h4 class=\"gutentor-text\"><strong>Destaques<\/strong><\/h4><\/div><\/div>\n\n\n\n<div style=\"height:20px\" aria-hidden=\"true\" class=\"wp-block-spacer\"><\/div>\n<\/div>\n<\/div><\/section>\n\n\n\n<div style=\"height:30px\" aria-hidden=\"true\" class=\"wp-block-spacer\"><\/div>\n","protected":false},"excerpt":{"rendered":"<p>Todas as not\u00edcias<\/p>\n","protected":false},"author":1,"featured_media":0,"parent":0,"menu_order":0,"comment_status":"closed","ping_status":"closed","template":"","meta":{"om_disable_all_campaigns":false,"_uag_custom_page_level_css":"","_monsterinsights_skip_tracking":false,"_monsterinsights_sitenote_active":false,"_monsterinsights_sitenote_note":"","_monsterinsights_sitenote_category":0,"site-sidebar-layout":"default","site-content-layout":"plain-container","ast-site-content-layout":"default","site-content-style":"default","site-sidebar-style":"default","ast-global-header-display":"","ast-banner-title-visibility":"","ast-main-header-display":"","ast-hfb-above-header-display":"","ast-hfb-below-header-display":"","ast-hfb-mobile-header-display":"","site-post-title":"disabled","ast-breadcrumbs-content":"","ast-featured-img":"","footer-sml-layout":"","ast-disable-related-posts":"","theme-transparent-header-meta":"default","adv-header-id-meta":"","stick-header-meta":"","header-above-stick-meta":"","header-main-stick-meta":"","header-below-stick-meta":"","astra-migrate-meta-layouts":"default","ast-page-background-enabled":"default","ast-page-background-meta":{"desktop":{"background-color":"","background-image":"","background-repeat":"repeat","background-position":"center center","background-size":"auto","background-attachment":"scroll","background-type":"","background-media":"","overlay-type":"","overlay-color":"","overlay-opacity":"","overlay-gradient":""},"tablet":{"background-color":"","background-image":"","background-repeat":"repeat","background-position":"center center","background-size":"auto","background-attachment":"scroll","background-type":"","background-media":"","overlay-type":"","overlay-color":"","overlay-opacity":"","overlay-gradient":""},"mobile":{"background-color":"","background-image":"","background-repeat":"repeat","background-position":"center center","background-size":"auto","background-attachment":"scroll","background-type":"","background-media":"","overlay-type":"","overlay-color":"","overlay-opacity":"","overlay-gradient":""}},"ast-content-background-meta":{"desktop":{"background-color":"var(--ast-global-color-5)","background-image":"","background-repeat":"repeat","background-position":"center center","background-size":"auto","background-attachment":"scroll","background-type":"","background-media":"","overlay-type":"","overlay-color":"","overlay-opacity":"","overlay-gradient":""},"tablet":{"background-color":"var(--ast-global-color-5)","background-image":"","background-repeat":"repeat","background-position":"center center","background-size":"auto","background-attachment":"scroll","background-type":"","background-media":"","overlay-type":"","overlay-color":"","overlay-opacity":"","overlay-gradient":""},"mobile":{"background-color":"var(--ast-global-color-5)","background-image":"","background-repeat":"repeat","background-position":"center center","background-size":"auto","background-attachment":"scroll","background-type":"","background-media":"","overlay-type":"","overlay-color":"","overlay-opacity":"","overlay-gradient":""}},"footnotes":""},"class_list":["post-2247","page","type-page","status-publish","hentry"],"aioseo_notices":[],"uagb_featured_image_src":{"full":false,"thumbnail":false,"medium":false,"medium_large":false,"large":false,"1536x1536":false,"2048x2048":false},"uagb_author_info":{"display_name":"Rodrigo","author_link":"https:\/\/sinicesp.org.br\/index.php\/author\/sinicesp\/"},"uagb_comment_info":0,"uagb_excerpt":"Todas as not\u00edcias","_links":{"self":[{"href":"https:\/\/sinicesp.org.br\/index.php\/wp-json\/wp\/v2\/pages\/2247","targetHints":{"allow":["GET"]}}],"collection":[{"href":"https:\/\/sinicesp.org.br\/index.php\/wp-json\/wp\/v2\/pages"}],"about":[{"href":"https:\/\/sinicesp.org.br\/index.php\/wp-json\/wp\/v2\/types\/page"}],"author":[{"embeddable":true,"href":"https:\/\/sinicesp.org.br\/index.php\/wp-json\/wp\/v2\/users\/1"}],"replies":[{"embeddable":true,"href":"https:\/\/sinicesp.org.br\/index.php\/wp-json\/wp\/v2\/comments?post=2247"}],"version-history":[{"count":0,"href":"https:\/\/sinicesp.org.br\/index.php\/wp-json\/wp\/v2\/pages\/2247\/revisions"}],"wp:attachment":[{"href":"https:\/\/sinicesp.org.br\/index.php\/wp-json\/wp\/v2\/media?parent=2247"}],"curies":[{"name":"wp","href":"https:\/\/api.w.org\/{rel}","templated":true}]}}