{"id":829,"date":"2021-08-09T16:25:28","date_gmt":"2021-08-09T19:25:28","guid":{"rendered":"http:\/\/sinicesp.org.br\/?page_id=829"},"modified":"2021-11-24T13:24:21","modified_gmt":"2021-11-24T16:24:21","slug":"juridico","status":"publish","type":"page","link":"https:\/\/sinicesp.org.br\/index.php\/juridico\/","title":{"rendered":"Jur\u00eddico"},"content":{"rendered":"\n<section class=\"wp-block-uagb-section uagb-section__wrap uagb-section__background-color uagb-block-ec1548dc\"><div class=\"uagb-section__overlay\"><\/div><div class=\"uagb-section__inner-wrap\">\n<div id=\"section-g88e218\" class=\"wp-block-gutentor-e1 section-g88e218 gutentor-element gutentor-element-advanced-text text-align-center-desktop\"><div class=\"gutentor-text-wrap\"><h2 class=\"gutentor-text\">Departamento de <strong>Jur\u00eddico<\/strong><\/h2><\/div><\/div>\n\n\n\n<div style=\"height:25px\" aria-hidden=\"true\" class=\"wp-block-spacer\"><\/div>\n\n\n\n<div class=\"wp-block-columns is-layout-flex wp-container-core-columns-is-layout-28f84493 wp-block-columns-is-layout-flex\">\n<div class=\"wp-block-column is-layout-flow wp-block-column-is-layout-flow\" style=\"flex-basis:75%\">\n<p>O Setor Jur\u00eddico do SINICESP tem uma longa hist\u00f3ria de sucesso. Implantado desde a funda\u00e7\u00e3o do Sindicato, al\u00e9m de representar as associadas nos diss\u00eddios coletivos, j\u00e1 somou incont\u00e1veis vit\u00f3rias jur\u00eddicas, beneficiando as empresas, principalmente na quest\u00e3o de tributos ou na imin\u00eancia de direitos amea\u00e7ados. Muitas vezes, alicer\u00e7ou suas teses com embasamento em pareceres de renomados juristas, como Miguel Reale, Hely Lopes Meirelles, Geraldo Ataliba, Mar\u00e7al Justen Filho e Celso Antonio Bandeira de Mello.<br><br>Exemplo marcante de pioneirismo: em 1988, em raz\u00e3o de in\u00fameras consultas formuladas pelas associadas, um dia ap\u00f3s a promulga\u00e7\u00e3o da Constitui\u00e7\u00e3o Federal, no dia 6 de outubro, o SINICESP, por interm\u00e9dio dos advogados Marco T\u00fallio Bottino, diretor-executivo, Cesar Augusto Del Sasso, gerente do Setor Jur\u00eddico, e Antonio Manoel Gon\u00e7alez, impetrou o primeiro mandado de seguran\u00e7a coletivo no Brasil sobre a inconstitucionalidade dos Decretos-lei n\u00bas 2.445 e 2.449\/88, que modificavam a base de c\u00e1lculo e al\u00edquota da contribui\u00e7\u00e3o ao PIS \u2013 Plano de Integra\u00e7\u00e3o Social. <br><br>Esfor\u00e7os realizados pelo SINICESP possibilitaram que as empresas filiadas, por meio de pacto coletivo celebrado com o Sindicato dos Trabalhadores nas Ind\u00fastrias da Constru\u00e7\u00e3o Pesada e Afins do Estado de S\u00e3o Paulo, que contou com a anu\u00eancia da Superintend\u00eancia Regional do Trabalho do Estado de S\u00e3o Paulo, pudessem atender \u00e0 lei de cotas para a inclus\u00e3o de pessoas com defici\u00eancia no mercado de trabalho. <br><br>O Setor Jur\u00eddico do SINICESP participou ativamente da elabora\u00e7\u00e3o da Lei de Licita\u00e7\u00f5es, tendo sido fruto de seu trabalho a inclus\u00e3o no texto legal dos dispositivos que introduziram a rigorosa ordem cronol\u00f3gica no pagamento das faturas das medi\u00e7\u00f5es de obras e servi\u00e7os e a elimina\u00e7\u00e3o da nota t\u00e9cnica nas licita\u00e7\u00f5es. <br><br>Outra importante conquista reside na lei que permitiu ao governo de S\u00e3o Paulo equacionar o problema da d\u00edvida acumulada existente possibilitando a quita\u00e7\u00e3o da quase totalidade dos d\u00e9bitos. <br><br><strong>A\u00e7\u00e3o r\u00e1pida e eficaz em favor das empresas<\/strong> <br><br>Com a finalidade de prestar ampla assessoria jur\u00eddica \u00e0s empresas associadas nas \u00e1reas administrativa, trabalhista e tribut\u00e1ria, o Sindicato pugna para:<br><\/p>\n\n\n\n<ul class=\"wp-block-list\"><li>Manter as empresas associadas informadas por meio de boletins jur\u00eddicos e expedi\u00e7\u00e3o de circulares, sobre jurisprud\u00eancia e altera\u00e7\u00f5es promovidas na legisla\u00e7\u00e3o em geral, notadamente nas esferas trabalhista, previdenci\u00e1ria e tribut\u00e1ria;<br><\/li><li>Orientar as empresas associadas, esclarecendo d\u00favidas e respondendo consultas;<br><\/li><li>Defender os interesses coletivos da categoria econ\u00f4mica, em ju\u00edzo e fora dele, celebrando Acordos e Conven\u00e7\u00f5es Coletivas de Trabalho, promovendo a\u00e7\u00f5es judiciais e defendendo o SINICESP nas que lhe forem contr\u00e1rias;<br><\/li><li>Impugnar editais de licita\u00e7\u00e3o;<br><\/li><li>Assessorar o Grupo de Rela\u00e7\u00f5es do Trabalho \u2013 GRT, composto de profissionais das \u00e1reas jur\u00eddica e de recursos humanos das empresas associadas, que tem por objetivo assessorar a Diretoria do SINICESP nas quest\u00f5es atinentes \u00e0 rela\u00e7\u00e3o Capital\/trabalho. <br><br><strong>Respons\u00e1vel:<\/strong>&nbsp;Cesar Augusto Del Sasso<br><strong>E-mail:<\/strong>&nbsp;juridico@sinicesp.org.br<\/li><\/ul>\n\n\n\n<p><strong>A Consultoria Tribut\u00e1ria tem por finalidade:<\/strong><br><\/p>\n\n\n\n<ul class=\"wp-block-list\"><li>Analisar e responder \u00e0s consultas formuladas por associadas, relativas \u00e0 \u00e1rea tribut\u00e1ria. As solicita\u00e7\u00f5es s\u00e3o remetidas por escrito ao Departamento Jur\u00eddico por e-mail (juridico@sinicesp.org.br), fax: 11-3253-8744 ou por carta;<br><\/li><li>Impetrar MSC \u2013 Mandado de Seguran\u00e7a Coletivo, quando se tratar de mat\u00e9ria tribut\u00e1ria, beneficiando todas as filiadas adimplentes;<br><\/li><li>Expedir circulares \u00e0s associadas, para orientar, sugerir ou informar sobre legisla\u00e7\u00e3o tribut\u00e1ria e tramita\u00e7\u00e3o de processos judiciais;<br><\/li><li>Assessorar o Comit\u00ea Tribut\u00e1rio, grupo composto de profissionais das \u00e1reas jur\u00eddica, cont\u00e1bil, fiscal e cong\u00eaneres das empresas associadas, que tem por objetivo desenvolver debates, expor experi\u00eancias das empresas, sanar d\u00favidas e solucionar quest\u00f5es atinentes a temas espec\u00edficos sobre mat\u00e9rias de car\u00e1ter tribut\u00e1rio e previdenci\u00e1rio.<br><br><strong>Respons\u00e1vel:<\/strong>&nbsp;Soares de Mello &amp; Gutierrez Advogados Associados<br><strong>E-mail:<\/strong>&nbsp;juridico@sinicesp.org.br<\/li><\/ul>\n\n\n\n<p><\/p>\n<\/div>\n\n\n\n<div class=\"wp-block-column is-layout-flow wp-block-column-is-layout-flow\" style=\"flex-basis:25%\">\n<div style=\"height:10px\" aria-hidden=\"true\" class=\"wp-block-spacer\"><\/div>\n\n\n\n<div id=\"section-gf312ab\" class=\"wp-block-gutentor-e6 section-gf312ab gutentor-element gutentor-element-image\"><div class=\"gutentor-element-image-box\"><div class=\"gutentor-image-thumb\"><img decoding=\"async\" class=\"normal-image\" src=\"https:\/\/sinicesp.org.br\/wp-content\/uploads\/2021\/08\/juridico.png\" alt=\"Jur\u00eddico\" \/><\/div><\/div><\/div>\n\n\n\n<div style=\"height:20px\" aria-hidden=\"true\" class=\"wp-block-spacer\"><\/div>\n<\/div>\n<\/div>\n<\/div><\/section>\n","protected":false},"excerpt":{"rendered":"","protected":false},"author":1,"featured_media":0,"parent":0,"menu_order":0,"comment_status":"closed","ping_status":"closed","template":"","meta":{"om_disable_all_campaigns":false,"_uag_custom_page_level_css":"","_monsterinsights_skip_tracking":false,"_monsterinsights_sitenote_active":false,"_monsterinsights_sitenote_note":"","_monsterinsights_sitenote_category":0,"site-sidebar-layout":"default","site-content-layout":"plain-container","ast-site-content-layout":"default","site-content-style":"default","site-sidebar-style":"default","ast-global-header-display":"","ast-banner-title-visibility":"","ast-main-header-display":"","ast-hfb-above-header-display":"","ast-hfb-below-header-display":"","ast-hfb-mobile-header-display":"","site-post-title":"disabled","ast-breadcrumbs-content":"","ast-featured-img":"","footer-sml-layout":"","ast-disable-related-posts":"","theme-transparent-header-meta":"default","adv-header-id-meta":"","stick-header-meta":"","header-above-stick-meta":"","header-main-stick-meta":"","header-below-stick-meta":"","astra-migrate-meta-layouts":"default","ast-page-background-enabled":"default","ast-page-background-meta":{"desktop":{"background-color":"","background-image":"","background-repeat":"repeat","background-position":"center center","background-size":"auto","background-attachment":"scroll","background-type":"","background-media":"","overlay-type":"","overlay-color":"","overlay-opacity":"","overlay-gradient":""},"tablet":{"background-color":"","background-image":"","background-repeat":"repeat","background-position":"center center","background-size":"auto","background-attachment":"scroll","background-type":"","background-media":"","overlay-type":"","overlay-color":"","overlay-opacity":"","overlay-gradient":""},"mobile":{"background-color":"","background-image":"","background-repeat":"repeat","background-position":"center center","background-size":"auto","background-attachment":"scroll","background-type":"","background-media":"","overlay-type":"","overlay-color":"","overlay-opacity":"","overlay-gradient":""}},"ast-content-background-meta":{"desktop":{"background-color":"var(--ast-global-color-5)","background-image":"","background-repeat":"repeat","background-position":"center center","background-size":"auto","background-attachment":"scroll","background-type":"","background-media":"","overlay-type":"","overlay-color":"","overlay-opacity":"","overlay-gradient":""},"tablet":{"background-color":"var(--ast-global-color-5)","background-image":"","background-repeat":"repeat","background-position":"center center","background-size":"auto","background-attachment":"scroll","background-type":"","background-media":"","overlay-type":"","overlay-color":"","overlay-opacity":"","overlay-gradient":""},"mobile":{"background-color":"var(--ast-global-color-5)","background-image":"","background-repeat":"repeat","background-position":"center center","background-size":"auto","background-attachment":"scroll","background-type":"","background-media":"","overlay-type":"","overlay-color":"","overlay-opacity":"","overlay-gradient":""}},"footnotes":""},"class_list":["post-829","page","type-page","status-publish","hentry"],"aioseo_notices":[],"uagb_featured_image_src":{"full":false,"thumbnail":false,"medium":false,"medium_large":false,"large":false,"1536x1536":false,"2048x2048":false},"uagb_author_info":{"display_name":"Rodrigo","author_link":"https:\/\/sinicesp.org.br\/index.php\/author\/sinicesp\/"},"uagb_comment_info":0,"uagb_excerpt":null,"_links":{"self":[{"href":"https:\/\/sinicesp.org.br\/index.php\/wp-json\/wp\/v2\/pages\/829","targetHints":{"allow":["GET"]}}],"collection":[{"href":"https:\/\/sinicesp.org.br\/index.php\/wp-json\/wp\/v2\/pages"}],"about":[{"href":"https:\/\/sinicesp.org.br\/index.php\/wp-json\/wp\/v2\/types\/page"}],"author":[{"embeddable":true,"href":"https:\/\/sinicesp.org.br\/index.php\/wp-json\/wp\/v2\/users\/1"}],"replies":[{"embeddable":true,"href":"https:\/\/sinicesp.org.br\/index.php\/wp-json\/wp\/v2\/comments?post=829"}],"version-history":[{"count":0,"href":"https:\/\/sinicesp.org.br\/index.php\/wp-json\/wp\/v2\/pages\/829\/revisions"}],"wp:attachment":[{"href":"https:\/\/sinicesp.org.br\/index.php\/wp-json\/wp\/v2\/media?parent=829"}],"curies":[{"name":"wp","href":"https:\/\/api.w.org\/{rel}","templated":true}]}}