{"id":832,"date":"2021-08-09T16:28:24","date_gmt":"2021-08-09T19:28:24","guid":{"rendered":"http:\/\/sinicesp.org.br\/?page_id=832"},"modified":"2021-11-24T13:25:52","modified_gmt":"2021-11-24T16:25:52","slug":"relacoes-institucionais","status":"publish","type":"page","link":"https:\/\/sinicesp.org.br\/index.php\/relacoes-institucionais\/","title":{"rendered":"Rela\u00e7\u00f5es Institucionais"},"content":{"rendered":"\n<section class=\"wp-block-uagb-section uagb-section__wrap uagb-section__background-color uagb-block-3c1df19f\"><div class=\"uagb-section__overlay\"><\/div><div class=\"uagb-section__inner-wrap\">\n<div id=\"section-gf630dc\" class=\"wp-block-gutentor-e1 section-gf630dc gutentor-element gutentor-element-advanced-text text-align-center-desktop\"><div class=\"gutentor-text-wrap\"><h2 class=\"gutentor-text\">Departamento de <strong>Rela\u00e7\u00f5es Institucionais<\/strong><\/h2><\/div><\/div>\n\n\n\n<div style=\"height:25px\" aria-hidden=\"true\" class=\"wp-block-spacer\"><\/div>\n\n\n\n<div class=\"wp-block-columns is-layout-flex wp-container-core-columns-is-layout-28f84493 wp-block-columns-is-layout-flex\">\n<div class=\"wp-block-column is-layout-flow wp-block-column-is-layout-flow\" style=\"flex-basis:100%\">\n<p>O objetivo principal do Departamento de Rela\u00e7\u00f5es Institucionais, gerenciado pelo economista Carlos Laurito, \u00e9 o estabelecimento de interlocu\u00e7\u00e3o com a administra\u00e7\u00e3o p\u00fablica, entidades coirm\u00e3s e outros \u00f3rg\u00e3os de interesse do SINICESP, representando a entidade externamente. Para tanto, desenvolve as seguintes a\u00e7\u00f5es: identifica eventos, feiras, congressos, reuni\u00f5es e conselhos que sejam de interesse do Sindicato e das empresas associadas e encaminha para as \u00e1reas competentes; programa agenda de participa\u00e7\u00e3o e representa o Sindicato em f\u00f3runs, conselhos, eventos ou em reuni\u00f5es, divulgando a\u00e7\u00f5es, buscando entendimento dos temas e defendendo os interesses do Sindicato.<br><br>Na promo\u00e7\u00e3o de eventos, a partir da elabora\u00e7\u00e3o da grade, participa do processo de interlocu\u00e7\u00e3o com os debatedores, palestrantes ou moderadores a serem convidados. Em 2013, dentre v\u00e1rias atividades, destacamos a representa\u00e7\u00e3o do Sindicato no Evento comemorativo aos 25 anos da SOBRATEMA; no Sal\u00e3o Internacional da Constru\u00e7\u00e3o Feicon Batimat; na Brazil Road Expo 2013; no Semin\u00e1rio: As Rela\u00e7\u00f5es do Brasil com a \u00c1frica, a Nova Fronteira do Desenvolvimento Global; na Construction Expo 2013; no 8\u00ba Congresso Brasileiro de Rodovias &amp; Concess\u00f5es e na 8\u00aa Exposi\u00e7\u00e3o Internacional de Produtos para Rodovias; na Solenidade de premia\u00e7\u00e3o \u201c500 Grandes da Constru\u00e7\u00e3o\u201d \u2013 2013; na Solenidade de assinatura de contrato de financiamento entre o governo do estado de S\u00e3o Paulo \/ DER com a CAF \u2013 Corpora\u00e7\u00e3o Andina de Fomento para o programa de transporte, log\u00edstica e meio ambiente nas rodovias estaduais; no Concrete Show 2013; na Solenidade de Abertura Oficial da 70\u00aa Semana Oficial da Engenharia e da Agronomia \u2013 SOEA do Conselho Federal de Engenharia e Agronomia \u2013 CONFEA; no 1\u00ba F\u00f3rum Nacional de Direito e Infraestrutura; no ENCONTREM 2013 &#8211; Encontro Nacional Da Ind\u00fastria e Operadoras Ferrovi\u00e1rias; no 55\u00ba Congresso Brasileiro do Concreto no Centro de Eventos Expo Gramado; na Cerim\u00f4nia &#8220;Pr\u00eamio ABEF&#8221; de Destaques na \u00c1rea da Engenharia de Funda\u00e7\u00f5es e Geotecnia e Confraterniza\u00e7\u00e3o; 8\u00ba Encontro Nacional da Ind\u00fastria \u2013 ENAI 2013 \u2013 CNI &#8211; O Brasil e os Desafios da Economia Global; no Evento de comemora\u00e7\u00e3o dos 25 anos do SINAENCO; nas Reuni\u00f5es do COINFRA \u2013 Conselho Superior de Infraestrutura da FIESP; na Audi\u00eancia com o Deputado Samuel Moreira (PSDB), presidente da Assembleia Legislativa do Estado de S\u00e3o Paulo; na reuni\u00e3o com o governador do Estado de Pernambuco, Eduardo Campos; em Audi\u00eancia com o Secret\u00e1rio da Fazenda do Estado de S\u00e3o Paulo, Andrea Calabi; na Audi\u00eancia com o secret\u00e1rio particular do governador do Estado de S\u00e3o Paulo, Ricardo Salles, na Reuni\u00e3o sobre a cria\u00e7\u00e3o da \u201cFrente Nacional de valoriza\u00e7\u00e3o da Engenharia\u201d, uma iniciativa do SICEPOT\/RS; no Pool de Expositores da Construction Expo 2013 em conjunto com a ABAG sobre os entraves por falta de obras de infraestrutura e log\u00edstica e na Reuni\u00e3o no Instituto de Engenharia que tratou a lei 8.666 sob o ponto de vista pol\u00edtico institucional.<br><br>O departamento de Rela\u00e7\u00f5es Institucionais tamb\u00e9m foi respons\u00e1vel pela interlocu\u00e7\u00e3o entre a Associa\u00e7\u00e3o de Dirigentes Crist\u00e3os de Empresa de S\u00e3o Paulo \u2013 ADCE e o SINICESP, que gerou assinatura de um protocolo de inten\u00e7\u00f5es entre as duas entidades com o objetivo de estabelecer parceria e coopera\u00e7\u00e3o t\u00e9cnica no sentido de implementar nas empresas as linhas de a\u00e7\u00f5es estrat\u00e9gicas centradas na pessoa com base em indicadores da \u201cResponsabilidade Social e Empresarial\u201d e pelo Protocolo de Inten\u00e7\u00f5es firmado entre o SINICESP e a SOBRATEMA, que anualmente, devido ao sucesso da parceria, vem se renovando desde 2012. <br><br>O Departamento de Rela\u00e7\u00f5es Institucionais foi criado pela diretoria do SINICESP com o objetivo de ampliar ainda mais o leque de servi\u00e7os prestados \u00e0s associadas, principalmente no tocante \u00e0 interlocu\u00e7\u00e3o com autoridades federais, estaduais e municipais, al\u00e9m das Entidades integrantes da Cadeia Produtiva da Constru\u00e7\u00e3o.<br><br><strong>Respons\u00e1vel:<\/strong>&nbsp;Carlos Alberto Laurito<br><strong>e-mails:<\/strong>&nbsp;gri@sinicesp.org.br e ri@sinicesp.org.br<\/p>\n<\/div>\n<\/div>\n<\/div><\/section>\n","protected":false},"excerpt":{"rendered":"","protected":false},"author":1,"featured_media":0,"parent":0,"menu_order":0,"comment_status":"closed","ping_status":"closed","template":"","meta":{"om_disable_all_campaigns":false,"_uag_custom_page_level_css":"","_monsterinsights_skip_tracking":false,"_monsterinsights_sitenote_active":false,"_monsterinsights_sitenote_note":"","_monsterinsights_sitenote_category":0,"site-sidebar-layout":"default","site-content-layout":"plain-container","ast-site-content-layout":"default","site-content-style":"default","site-sidebar-style":"default","ast-global-header-display":"","ast-banner-title-visibility":"","ast-main-header-display":"","ast-hfb-above-header-display":"","ast-hfb-below-header-display":"","ast-hfb-mobile-header-display":"","site-post-title":"disabled","ast-breadcrumbs-content":"","ast-featured-img":"","footer-sml-layout":"","ast-disable-related-posts":"","theme-transparent-header-meta":"default","adv-header-id-meta":"","stick-header-meta":"","header-above-stick-meta":"","header-main-stick-meta":"","header-below-stick-meta":"","astra-migrate-meta-layouts":"default","ast-page-background-enabled":"default","ast-page-background-meta":{"desktop":{"background-color":"","background-image":"","background-repeat":"repeat","background-position":"center center","background-size":"auto","background-attachment":"scroll","background-type":"","background-media":"","overlay-type":"","overlay-color":"","overlay-opacity":"","overlay-gradient":""},"tablet":{"background-color":"","background-image":"","background-repeat":"repeat","background-position":"center center","background-size":"auto","background-attachment":"scroll","background-type":"","background-media":"","overlay-type":"","overlay-color":"","overlay-opacity":"","overlay-gradient":""},"mobile":{"background-color":"","background-image":"","background-repeat":"repeat","background-position":"center center","background-size":"auto","background-attachment":"scroll","background-type":"","background-media":"","overlay-type":"","overlay-color":"","overlay-opacity":"","overlay-gradient":""}},"ast-content-background-meta":{"desktop":{"background-color":"var(--ast-global-color-5)","background-image":"","background-repeat":"repeat","background-position":"center center","background-size":"auto","background-attachment":"scroll","background-type":"","background-media":"","overlay-type":"","overlay-color":"","overlay-opacity":"","overlay-gradient":""},"tablet":{"background-color":"var(--ast-global-color-5)","background-image":"","background-repeat":"repeat","background-position":"center center","background-size":"auto","background-attachment":"scroll","background-type":"","background-media":"","overlay-type":"","overlay-color":"","overlay-opacity":"","overlay-gradient":""},"mobile":{"background-color":"var(--ast-global-color-5)","background-image":"","background-repeat":"repeat","background-position":"center center","background-size":"auto","background-attachment":"scroll","background-type":"","background-media":"","overlay-type":"","overlay-color":"","overlay-opacity":"","overlay-gradient":""}},"footnotes":""},"class_list":["post-832","page","type-page","status-publish","hentry"],"aioseo_notices":[],"uagb_featured_image_src":{"full":false,"thumbnail":false,"medium":false,"medium_large":false,"large":false,"1536x1536":false,"2048x2048":false},"uagb_author_info":{"display_name":"Rodrigo","author_link":"https:\/\/sinicesp.org.br\/index.php\/author\/sinicesp\/"},"uagb_comment_info":0,"uagb_excerpt":null,"_links":{"self":[{"href":"https:\/\/sinicesp.org.br\/index.php\/wp-json\/wp\/v2\/pages\/832","targetHints":{"allow":["GET"]}}],"collection":[{"href":"https:\/\/sinicesp.org.br\/index.php\/wp-json\/wp\/v2\/pages"}],"about":[{"href":"https:\/\/sinicesp.org.br\/index.php\/wp-json\/wp\/v2\/types\/page"}],"author":[{"embeddable":true,"href":"https:\/\/sinicesp.org.br\/index.php\/wp-json\/wp\/v2\/users\/1"}],"replies":[{"embeddable":true,"href":"https:\/\/sinicesp.org.br\/index.php\/wp-json\/wp\/v2\/comments?post=832"}],"version-history":[{"count":0,"href":"https:\/\/sinicesp.org.br\/index.php\/wp-json\/wp\/v2\/pages\/832\/revisions"}],"wp:attachment":[{"href":"https:\/\/sinicesp.org.br\/index.php\/wp-json\/wp\/v2\/media?parent=832"}],"curies":[{"name":"wp","href":"https:\/\/api.w.org\/{rel}","templated":true}]}}